{"id":12,"date":"2019-11-07T14:53:37","date_gmt":"2019-11-07T14:53:37","guid":{"rendered":"http:\/\/space.xtemos.com\/demo\/jupiter\/?page_id=12"},"modified":"2025-03-18T16:10:54","modified_gmt":"2025-03-18T13:10:54","slug":"iletisim","status":"publish","type":"page","link":"https:\/\/www.bircloud.com\/tech\/?page_id=12","title":{"rendered":"\u0130leti\u015fim"},"content":{"rendered":"\t\t<div data-elementor-type=\"wp-page\" data-elementor-id=\"12\" class=\"elementor elementor-12\">\n\t\t\t\t\t\t<section class=\"elementor-section elementor-top-section elementor-element elementor-element-2482d42 elementor-section-height-min-height elementor-section-content-middle elementor-section-boxed elementor-section-height-default elementor-section-items-middle xts-section-disabled\" data-id=\"2482d42\" data-element_type=\"section\">\n\t\t\t\t\t\t<div class=\"elementor-container elementor-column-gap-narrow\">\n\t\t\t\t\t<div class=\"elementor-column elementor-col-100 elementor-top-column elementor-element elementor-element-aa2497e\" data-id=\"aa2497e\" data-element_type=\"column\">\n\t\t\t<div class=\"elementor-widget-wrap elementor-element-populated\">\n\t\t\t\t\t\t<div class=\"elementor-element elementor-element-708cf73 xts-width-100 elementor-widget elementor-widget-xts_title\" data-id=\"708cf73\" data-element_type=\"widget\" data-widget_type=\"xts_title.default\">\n\t\t\t\t<div class=\"elementor-widget-container\">\n\t\t\t\t\t\t\t\t<div class=\"xts-section-heading xts-reset-mb-10 xts-reset-last xts-textalign-center xts-in-view-animation xts-autoplay-animations-off\" data-animation-delay=\"125\">\n\t\t\t\t\t\t\t\t\t<div class=\"xts-section-subtitle xts-textcolor-primary xts-fontsize-m xts-animation-item xts-animation-short-in-up xts-animation-normal\">\n\t\t\t\t\t\t<span class=\"xts-section-subtitle-text\" data-elementor-setting-key=\"subtitle\">\n\t\t\t\t\t\t\tKay\u0131t Formu\t\t\t\t\t\t<\/span>\n\n\t\t\t\t\t\t\t\t\t\t\t<\/div>\n\t\t\t\t\n\t\t\t\t\t\t\t\t\t<h4 class=\"xts-section-title title xts-design-default xts-fontsize-xxl xts-animation-item xts-animation-short-in-up xts-animation-normal\">\n\t\t\t\t\t\t<span class=\"xts-section-title-text\" data-elementor-setting-key=\"title\">\n\t\t\t\t\t\t\tUzman Ekibimiz Sizi Aras\u0131n\t\t\t\t\t\t<\/span>\n\n\t\t\t\t\t\t\t\t\t\t\t<\/h4>\n\t\t\t\t\n\t\t\t\t\n\t\t\t\t\t\t\t<\/div>\n\t\t\t\t\t\t<\/div>\n\t\t\t\t<\/div>\n\t\t\t\t<div class=\"elementor-element elementor-element-315a1fb elementor-widget elementor-widget-wpforms\" data-id=\"315a1fb\" data-element_type=\"widget\" data-widget_type=\"wpforms.default\">\n\t\t\t\t<div class=\"elementor-widget-container\">\n\t\t\t\t\t<style id=\"wpforms-css-vars-elementor-widget-315a1fb\">\n\t\t\t\t.elementor-widget-wpforms.elementor-element-315a1fb {\n\t\t\t\t--wpforms-field-size-input-height: 43px;\n--wpforms-field-size-input-spacing: 15px;\n--wpforms-field-size-font-size: 16px;\n--wpforms-field-size-line-height: 19px;\n--wpforms-field-size-padding-h: 14px;\n--wpforms-field-size-checkbox-size: 16px;\n--wpforms-field-size-sublabel-spacing: 5px;\n--wpforms-field-size-icon-size: 1;\n--wpforms-label-size-font-size: 16px;\n--wpforms-label-size-line-height: 19px;\n--wpforms-label-size-sublabel-font-size: 14px;\n--wpforms-label-size-sublabel-line-height: 17px;\n--wpforms-button-size-font-size: 17px;\n--wpforms-button-size-height: 41px;\n--wpforms-button-size-padding-h: 15px;\n--wpforms-button-size-margin-top: 10px;\n\n\t\t\t}\n\t\t\t<\/style><div class=\"wpforms-container wpforms-container-full wpforms-render-modern\" id=\"wpforms-2140\"><form id=\"wpforms-form-2140\" class=\"wpforms-validate wpforms-form wpforms-ajax-form\" data-formid=\"2140\" method=\"post\" enctype=\"multipart\/form-data\" action=\"\/tech\/index.php?rest_route=%2Fwp%2Fv2%2Fpages%2F12\" data-token=\"5bce163b0de3ebed27982fc455d86bf0\" data-token-time=\"1778862548\"><noscript class=\"wpforms-error-noscript\">Bu formu bitirebilmek i\u00e7in taray\u0131c\u0131n\u0131zda JavaScript&#039;i etkinle\u015ftirin.<\/noscript><div class=\"wpforms-hidden\" id=\"wpforms-error-noscript\">Bu formu bitirebilmek i\u00e7in taray\u0131c\u0131n\u0131zda JavaScript&#039;i etkinle\u015ftirin.<\/div><div class=\"wpforms-field-container\"><div id=\"wpforms-2140-field_1-container\" class=\"wpforms-field wpforms-field-name\" data-field-id=\"1\"><fieldset><legend class=\"wpforms-field-label\">Ad\u0131 Soyad\u0131 <span class=\"wpforms-required-label\" aria-hidden=\"true\">*<\/span><\/legend><div class=\"wpforms-field-row wpforms-field-medium\"><div class=\"wpforms-field-row-block wpforms-first wpforms-one-half\"><input type=\"text\" id=\"wpforms-2140-field_1\" class=\"wpforms-field-name-first wpforms-field-required\" name=\"wpforms[fields][1][first]\" aria-errormessage=\"wpforms-2140-field_1-error\" required><label for=\"wpforms-2140-field_1\" class=\"wpforms-field-sublabel after\">Ad<\/label><\/div><div class=\"wpforms-field-row-block wpforms-one-half\"><input type=\"text\" id=\"wpforms-2140-field_1-last\" class=\"wpforms-field-name-last wpforms-field-required\" name=\"wpforms[fields][1][last]\" aria-errormessage=\"wpforms-2140-field_1-last-error\" required><label for=\"wpforms-2140-field_1-last\" class=\"wpforms-field-sublabel after\">Soyad<\/label><\/div><\/div><\/fieldset><\/div><div id=\"wpforms-2140-field_4-container\" class=\"wpforms-field wpforms-field-text\" data-field-id=\"4\"><label class=\"wpforms-field-label\" for=\"wpforms-2140-field_4\">Firman\u0131z\u0131n Ad\u0131 <span class=\"wpforms-required-label\" aria-hidden=\"true\">*<\/span><\/label><input type=\"text\" id=\"wpforms-2140-field_4\" class=\"wpforms-field-medium wpforms-field-required\" name=\"wpforms[fields][4]\" aria-errormessage=\"wpforms-2140-field_4-error\" required><\/div><div id=\"wpforms-2140-field_5-container\" class=\"wpforms-field wpforms-field-text\" data-field-id=\"5\"><label class=\"wpforms-field-label\" for=\"wpforms-2140-field_5\">\u00dcnvan\u0131n\u0131z\/G\u00f6reviniz <span class=\"wpforms-required-label\" aria-hidden=\"true\">*<\/span><\/label><input type=\"text\" id=\"wpforms-2140-field_5\" class=\"wpforms-field-medium wpforms-field-required\" name=\"wpforms[fields][5]\" aria-errormessage=\"wpforms-2140-field_5-error\" required><\/div><div id=\"wpforms-2140-field_6-container\" class=\"wpforms-field wpforms-field-phone\" data-field-id=\"6\"><label class=\"wpforms-field-label\" for=\"wpforms-2140-field_6\">Telefon<\/label><input type=\"tel\" id=\"wpforms-2140-field_6\" class=\"wpforms-field-medium wpforms-smart-phone-field\" data-rule-smart-phone-field=\"true\" name=\"wpforms[fields][6]\" aria-label=\"Telefon\" aria-errormessage=\"wpforms-2140-field_6-error\" ><\/div><div id=\"wpforms-2140-field_2-container\" class=\"wpforms-field wpforms-field-email\" data-field-id=\"2\"><label class=\"wpforms-field-label\" for=\"wpforms-2140-field_2\">E-posta <span class=\"wpforms-required-label\" aria-hidden=\"true\">*<\/span><\/label><input type=\"email\" id=\"wpforms-2140-field_2\" class=\"wpforms-field-medium wpforms-field-required\" name=\"wpforms[fields][2]\" spellcheck=\"false\" aria-errormessage=\"wpforms-2140-field_2-error\" required><\/div><div id=\"wpforms-2140-field_3-container\" class=\"wpforms-field wpforms-field-textarea\" data-field-id=\"3\"><label class=\"wpforms-field-label\" for=\"wpforms-2140-field_3\">Mesaj\u0131n\u0131z<\/label><textarea id=\"wpforms-2140-field_3\" class=\"wpforms-field-medium\" name=\"wpforms[fields][3]\" aria-errormessage=\"wpforms-2140-field_3-error\" ><\/textarea><\/div><\/div><!-- .wpforms-field-container --><div class=\"wpforms-submit-container\" ><input type=\"hidden\" name=\"wpforms[id]\" value=\"2140\"><input type=\"hidden\" name=\"page_title\" value=\"\"><input type=\"hidden\" name=\"page_url\" value=\"https:\/\/www.bircloud.com\/tech\/index.php?rest_route=\/wp\/v2\/pages\/12\"><button type=\"submit\" name=\"wpforms[submit]\" id=\"wpforms-submit-2140\" class=\"wpforms-submit\" data-alt-text=\"G\u00f6nderiliyor...\" data-submit-text=\"G\u00f6nder\" aria-live=\"assertive\" value=\"wpforms-submit\">G\u00f6nder<\/button><img decoding=\"async\" src=\"https:\/\/www.bircloud.com\/tech\/wp-content\/plugins\/wpforms\/assets\/images\/submit-spin.svg\" class=\"wpforms-submit-spinner\" style=\"display: none;\" width=\"26\" height=\"26\" alt=\"Y\u00fckleniyor\"><\/div><\/form><\/div>  <!-- .wpforms-container -->\t\t\t\t<\/div>\n\t\t\t\t<\/div>\n\t\t\t\t\t<\/div>\n\t\t<\/div>\n\t\t\t\t\t<\/div>\n\t\t<\/section>\n\t\t<div class=\"elementor-element elementor-element-c10bf8b e-flex e-con-boxed xts-section-disabled e-con e-parent\" data-id=\"c10bf8b\" data-element_type=\"container\">\n\t\t\t\t\t<div class=\"e-con-inner\">\n\t\t\t\t<div class=\"elementor-element elementor-element-cc14425 elementor-widget elementor-widget-html\" data-id=\"cc14425\" data-element_type=\"widget\" data-widget_type=\"html.default\">\n\t\t\t\t<div class=\"elementor-widget-container\">\n\t\t\t\t\t<section id=\"iletisim\" style=\"background-color: #f8f9fa; padding: 50px 0;\">\r\n    <div class=\"container\" style=\"width: 80%; margin: auto;\">\r\n        <h2 style=\"text-align: center; color: #343a40; margin-bottom: 40px;\">Bize Ula\u015f\u0131n<\/h2>\r\n        <div class=\"row\" style=\"display: flex; justify-content: center; align-items: center;\">\r\n            <div class=\"col-md-6\" style=\"flex-basis: 50%; padding: 20px;\">\r\n                <div class=\"iletisim-bilgileri\" style=\"background-color: #ffffff; padding: 30px; border-radius: 10px; box-shadow: 0 4px 8px rgba(0, 0, 0, 0.1);\">\r\n                    <h3 style=\"color: #007bff; margin-bottom: 20px;\">\u0130leti\u015fim Bilgilerimiz<\/h3>\r\n                    <ul style=\"list-style: none; padding-left: 0;\">\r\n                        <li style=\"display: flex; align-items: center; margin-bottom: 15px;\">\r\n                            <i class=\"fas fa-phone\" style=\"margin-right: 10px; color: #6c757d;\"><\/i>\r\n                            <span style=\"font-weight: bold;\">Telefon:<\/span> <a href=\"tel:+908503778487\" style=\"color: #495057; text-decoration: none;\">+90 850 377 84 87<\/a>\r\n                        <\/li>\r\n                        <li style=\"display: flex; align-items: center; margin-bottom: 15px;\">\r\n                            <i class=\"fas fa-envelope\" style=\"margin-right: 10px; color: #6c757d;\"><\/i>\r\n                            <span style=\"font-weight: bold;\">E-posta:<\/span> <a href=\"mailto:info@bircloud.com\" style=\"color: #495057; text-decoration: none;\">info@bircloud.com<\/a>\r\n                        <\/li>\r\n                        <li style=\"display: flex; align-items: flex-start; margin-bottom: 15px;\">\r\n                            <i class=\"fas fa-map-marker-alt\" style=\"margin-right: 10px; color: #6c757d;\"><\/i>\r\n                            <span style=\"font-weight: bold;\">Adres:<\/span> Biruni Teknopark Kazl\u0131\u00e7e\u015fme, Cino\u011flu \u00c7k. No:4, 34020 Zeytinburnu\/\u0130stanbul\r\n                        <\/li>\r\n                    <\/ul>\r\n                <\/div>\r\n            <\/div>\r\n        <\/div>\r\n    <\/div>\r\n<\/section>\t\t\t\t<\/div>\n\t\t\t\t<\/div>\n\t\t\t\t\t<\/div>\n\t\t\t\t<\/div>\n\t\t\t\t<\/div>\n\t\t","protected":false},"excerpt":{"rendered":"<p>Kay\u0131t Formu Uzman Ekibimiz Sizi Aras\u0131n Bu formu bitirebilmek i\u00e7in taray\u0131c\u0131n\u0131zda JavaScript&#039;i etkinle\u015ftirin.Bu formu bitirebilmek i\u00e7in taray\u0131c\u0131n\u0131zda JavaScript&#039;i etkinle\u015ftirin. Ad\u0131 Soyad\u0131 * AdSoyad Firman\u0131z\u0131n Ad\u0131 *\u00dcnvan\u0131n\u0131z\/G\u00f6reviniz *Telefon E-posta *Mesaj\u0131n\u0131z G\u00f6nder Bize Ula\u015f\u0131n \u0130leti\u015fim Bilgilerimiz Telefon: +90 850 377 84 87 E-posta: info@bircloud.com Adres: Biruni Teknopark Kazl\u0131\u00e7e\u015fme, Cino\u011flu \u00c7k. No:4, 34020 Zeytinburnu\/\u0130stanbul<\/p>\n","protected":false},"author":1,"featured_media":0,"parent":0,"menu_order":0,"comment_status":"closed","ping_status":"closed","template":"elementor_header_footer","meta":{"footnotes":""},"class_list":["post-12","page","type-page","status-publish","hentry"],"_links":{"self":[{"href":"https:\/\/www.bircloud.com\/tech\/index.php?rest_route=\/wp\/v2\/pages\/12","targetHints":{"allow":["GET"]}}],"collection":[{"href":"https:\/\/www.bircloud.com\/tech\/index.php?rest_route=\/wp\/v2\/pages"}],"about":[{"href":"https:\/\/www.bircloud.com\/tech\/index.php?rest_route=\/wp\/v2\/types\/page"}],"author":[{"embeddable":true,"href":"https:\/\/www.bircloud.com\/tech\/index.php?rest_route=\/wp\/v2\/users\/1"}],"replies":[{"embeddable":true,"href":"https:\/\/www.bircloud.com\/tech\/index.php?rest_route=%2Fwp%2Fv2%2Fcomments&post=12"}],"version-history":[{"count":14,"href":"https:\/\/www.bircloud.com\/tech\/index.php?rest_route=\/wp\/v2\/pages\/12\/revisions"}],"predecessor-version":[{"id":2157,"href":"https:\/\/www.bircloud.com\/tech\/index.php?rest_route=\/wp\/v2\/pages\/12\/revisions\/2157"}],"wp:attachment":[{"href":"https:\/\/www.bircloud.com\/tech\/index.php?rest_route=%2Fwp%2Fv2%2Fmedia&parent=12"}],"curies":[{"name":"wp","href":"https:\/\/api.w.org\/{rel}","templated":true}]}}