{"id":1918,"date":"2019-11-07T14:52:59","date_gmt":"2019-11-07T14:52:59","guid":{"rendered":"http:\/\/space.xtemos.com\/demo\/jupiter\/?page_id=6"},"modified":"2025-03-18T12:54:57","modified_gmt":"2025-03-18T09:54:57","slug":"about-us","status":"publish","type":"page","link":"https:\/\/www.bircloud.com\/tech\/?page_id=1918","title":{"rendered":"About Us"},"content":{"rendered":"\t\t<div data-elementor-type=\"wp-page\" data-elementor-id=\"1918\" class=\"elementor elementor-1918\">\n\t\t\t\t\t\t<section class=\"elementor-section elementor-top-section elementor-element elementor-element-4e0060e elementor-section-height-min-height elementor-section-boxed elementor-section-height-default elementor-section-items-middle xts-section-disabled\" data-id=\"4e0060e\" data-element_type=\"section\" data-settings=\"{&quot;background_background&quot;:&quot;classic&quot;}\">\n\t\t\t\t\t\t<div class=\"elementor-container elementor-column-gap-extended\">\n\t\t\t\t\t<div class=\"elementor-column elementor-col-50 elementor-top-column elementor-element elementor-element-60359d9\" data-id=\"60359d9\" data-element_type=\"column\">\n\t\t\t<div class=\"elementor-widget-wrap elementor-element-populated\">\n\t\t\t\t\t\t<div class=\"elementor-element elementor-element-66952673 xts-width-100 elementor-widget elementor-widget-xts_title\" data-id=\"66952673\" data-element_type=\"widget\" data-widget_type=\"xts_title.default\">\n\t\t\t\t<div class=\"elementor-widget-container\">\n\t\t\t\t\t\t\t\t<div class=\"xts-section-heading xts-reset-mb-10 xts-reset-last xts-textalign-left xts-scheme-light xts-in-view-animation xts-autoplay-animations-off\" data-animation-delay=\"125\">\n\t\t\t\t\t\t\t\t\t<div class=\"xts-section-subtitle xts-textcolor-custom xts-fontsize-m xts-animation-item xts-animation-short-in-up xts-animation-normal\">\n\t\t\t\t\t\t<span class=\"xts-section-subtitle-text\" data-elementor-setting-key=\"subtitle\">\n\t\t\t\t\t\t\tBirCloud\t\t\t\t\t\t<\/span>\n\n\t\t\t\t\t\t\t\t\t\t\t<\/div>\n\t\t\t\t\n\t\t\t\t\t\t\t\t\t<h4 class=\"xts-section-title title xts-design-default xts-fontsize-xxl xts-animation-item xts-animation-short-in-up xts-animation-normal\">\n\t\t\t\t\t\t<span class=\"xts-section-title-text\" data-elementor-setting-key=\"title\">\n\t\t\t\t\t\t\t\"Hep Bir Ad\u0131m \u00d6nde!\"\t\t\t\t\t\t<\/span>\n\n\t\t\t\t\t\t\t\t\t\t\t<\/h4>\n\t\t\t\t\n\t\t\t\t\n\t\t\t\t\t\t\t<\/div>\n\t\t\t\t\t\t<\/div>\n\t\t\t\t<\/div>\n\t\t\t\t<div class=\"elementor-element elementor-element-1fef4bf xts-animation-short-in-up xts-animation-normal xts_delay_275 xts-scheme-inherit xts-textalign-inherit elementor-widget elementor-widget-text-editor\" data-id=\"1fef4bf\" data-element_type=\"widget\" data-widget_type=\"text-editor.default\">\n\t\t\t\t<div class=\"elementor-widget-container\">\n\t\t\t\t\t\t\t\t\t<div class=\"elementor-column elementor-col-50 elementor-top-column elementor-element elementor-element-60359d9\" data-id=\"60359d9\" data-element_type=\"column\"><div class=\"elementor-widget-wrap elementor-element-populated\"><div class=\"elementor-element elementor-element-1fef4bf xts-animation-short-in-up xts-animation-normal xts_delay_275 xts-scheme-inherit xts-textalign-inherit elementor-widget elementor-widget-text-editor xts-animation-ready xts-animated\" data-id=\"1fef4bf\" data-element_type=\"widget\" data-widget_type=\"text-editor.default\"><div class=\"elementor-widget-container\"><p style=\"text-align: justify;\">20 y\u0131l\u0131 a\u015fk\u0131n sekt\u00f6r tecr\u00fcbesine sahip uzman kadromuzla, g\u00fcvenilir, \u00f6l\u00e7eklenebilir ve y\u00fcksek performansl\u0131 bulut altyap\u0131lar\u0131 sunarak i\u015fletmelerin veri y\u00f6netimi, yedekleme, g\u00fcvenlik ve i\u015f s\u00fcreklili\u011fi s\u00fcre\u00e7lerini en verimli \u015fekilde y\u00f6netmelerine destek olmaktay\u0131z.<\/p><\/div><\/div><\/div><\/div>\t\t\t\t\t\t\t\t<\/div>\n\t\t\t\t<\/div>\n\t\t\t\t\t<\/div>\n\t\t<\/div>\n\t\t\t\t<div class=\"elementor-column elementor-col-50 elementor-top-column elementor-element elementor-element-81a2a6b\" data-id=\"81a2a6b\" data-element_type=\"column\">\n\t\t\t<div class=\"elementor-widget-wrap elementor-element-populated\">\n\t\t\t\t\t\t<section class=\"elementor-section elementor-inner-section elementor-element elementor-element-cfb2a97 elementor-section-boxed elementor-section-height-default elementor-section-height-default xts-section-disabled\" data-id=\"cfb2a97\" data-element_type=\"section\">\n\t\t\t\t\t\t<div class=\"elementor-container elementor-column-gap-default\">\n\t\t\t\t\t<div class=\"elementor-column elementor-col-50 elementor-inner-column elementor-element elementor-element-be83bce\" data-id=\"be83bce\" data-element_type=\"column\">\n\t\t\t<div class=\"elementor-widget-wrap elementor-element-populated\">\n\t\t\t\t\t\t<div class=\"elementor-element elementor-element-cc9bb18 xts-animation-flip-y-right xts-animation-normal xts_delay_125 elementor-widget elementor-widget-xts_infobox\" data-id=\"cc9bb18\" data-element_type=\"widget\" data-widget_type=\"xts_infobox.default\">\n\t\t\t\t<div class=\"elementor-widget-container\">\n\t\t\t\t\t\n\t\t<div class=\"xts-infobox xts-textalign-center xts-icon-top xts-scheme-dark xts-scheme-hover-light xts-with-bg-color xts-with-shadow xts-cursor-pointer\" onclick=\"window.location.href=&quot;#&quot;\">\n\t\t\t\n\t\t\t<div class=\"xts-box-content xts-reset-mb-10 xts-reset-all-last\">\n\t\t\t\t\n\t\t\t\t\t\t\t\t\t<h4 class=\"xts-box-title title xts-fontsize-m\" data-elementor-setting-key=\"title\">\n\t\t\t\t\t\tG\u00fcvenilir \u00c7\u00f6z\u00fcmler\t\t\t\t\t<\/h4>\n\t\t\t\t\n\t\t\t\t\t\t\t\t\t<div class=\"xts-box-desc\" data-elementor-setting-key=\"description\">\n\t\t\t\t\t\tS\u00fcrekli de\u011fi\u015fen d\u00fcnyaya uyum sa\u011flarken, en yeni teknolojileri hayat\u0131n ve i\u015f d\u00fcnyas\u0131n\u0131n merkezine entegre ediyoruz.\t\t\t\t\t<\/div>\n\t\t\t\t\n\t\t\t\t\t\t\t<\/div>\n\n\t\t\t\t\t\t\t<div class=\"xts-box-overlay xts-fill\"><\/div>\n\t\t\t\t\t<\/div>\n\n\t\t\t\t\t\t<\/div>\n\t\t\t\t<\/div>\n\t\t\t\t\t<\/div>\n\t\t<\/div>\n\t\t\t\t<div class=\"elementor-column elementor-col-50 elementor-inner-column elementor-element elementor-element-8a3f7df\" data-id=\"8a3f7df\" data-element_type=\"column\">\n\t\t\t<div class=\"elementor-widget-wrap elementor-element-populated\">\n\t\t\t\t\t\t<div class=\"elementor-element elementor-element-d82640d xts-animation-flip-y-right xts-animation-normal xts_delay_250 elementor-widget elementor-widget-xts_infobox\" data-id=\"d82640d\" data-element_type=\"widget\" data-widget_type=\"xts_infobox.default\">\n\t\t\t\t<div class=\"elementor-widget-container\">\n\t\t\t\t\t\n\t\t<div class=\"xts-infobox xts-textalign-center xts-icon-top xts-scheme-dark xts-scheme-hover-light xts-with-bg-color xts-with-shadow xts-cursor-pointer\" onclick=\"window.location.href=&quot;#&quot;\">\n\t\t\t\n\t\t\t<div class=\"xts-box-content xts-reset-mb-10 xts-reset-all-last\">\n\t\t\t\t\n\t\t\t\t\t\t\t\t\t<h4 class=\"xts-box-title title xts-fontsize-m\" data-elementor-setting-key=\"title\">\n\t\t\t\t\t\tYenilik\u00e7i Teknolojiler\t\t\t\t\t<\/h4>\n\t\t\t\t\n\t\t\t\t\t\t\t\t\t<div class=\"xts-box-desc\" data-elementor-setting-key=\"description\">\n\t\t\t\t\t\tSekt\u00f6r\u00fcn \u00f6nc\u00fc \u00fcreticileriyle g\u00fc\u00e7l\u00fc i\u015f birlikleri kurarak, en kaliteli \u00fcr\u00fcn ve \u00e7\u00f6z\u00fcmleri sizlerin hizmetine sunuyoruz.\n\t\t\t\t\t<\/div>\n\t\t\t\t\n\t\t\t\t\t\t\t<\/div>\n\n\t\t\t\t\t\t\t<div class=\"xts-box-overlay xts-fill\"><\/div>\n\t\t\t\t\t<\/div>\n\n\t\t\t\t\t\t<\/div>\n\t\t\t\t<\/div>\n\t\t\t\t\t<\/div>\n\t\t<\/div>\n\t\t\t\t\t<\/div>\n\t\t<\/section>\n\t\t\t\t<section class=\"elementor-section elementor-inner-section elementor-element elementor-element-b1618ff elementor-section-boxed elementor-section-height-default elementor-section-height-default xts-section-disabled\" data-id=\"b1618ff\" data-element_type=\"section\">\n\t\t\t\t\t\t<div class=\"elementor-container elementor-column-gap-default\">\n\t\t\t\t\t<div class=\"elementor-column elementor-col-50 elementor-inner-column elementor-element elementor-element-9161ddd\" data-id=\"9161ddd\" data-element_type=\"column\">\n\t\t\t<div class=\"elementor-widget-wrap elementor-element-populated\">\n\t\t\t\t\t\t<div class=\"elementor-element elementor-element-2bb48e4 xts-animation-flip-y-right xts-animation-normal xts_delay_375 elementor-widget elementor-widget-xts_infobox\" data-id=\"2bb48e4\" data-element_type=\"widget\" data-widget_type=\"xts_infobox.default\">\n\t\t\t\t<div class=\"elementor-widget-container\">\n\t\t\t\t\t\n\t\t<div class=\"xts-infobox xts-textalign-center xts-icon-top xts-scheme-dark xts-scheme-hover-light xts-with-bg-color xts-with-shadow xts-cursor-pointer\" onclick=\"window.location.href=&quot;#&quot;\">\n\t\t\t\n\t\t\t<div class=\"xts-box-content xts-reset-mb-10 xts-reset-all-last\">\n\t\t\t\t\n\t\t\t\t\t\t\t\t\t<h4 class=\"xts-box-title title xts-fontsize-m\" data-elementor-setting-key=\"title\">\n\t\t\t\t\t\t\u00c7\u00f6z\u00fcm Odakl\u0131 Yakla\u015f\u0131m\t\t\t\t\t<\/h4>\n\t\t\t\t\n\t\t\t\t\t\t\t\t\t<div class=\"xts-box-desc\" data-elementor-setting-key=\"description\">\n\t\t\t\t\t\tM\u00fc\u015fterilerimizin ilgisini \u00e7eken, katma de\u011fer sa\u011flayan ve maliyet avantaj\u0131 sunan yenilik\u00e7i i\u015f modelleri geli\u015ftiriyoruz.\t\t\t\t\t<\/div>\n\t\t\t\t\n\t\t\t\t\t\t\t<\/div>\n\n\t\t\t\t\t\t\t<div class=\"xts-box-overlay xts-fill\"><\/div>\n\t\t\t\t\t<\/div>\n\n\t\t\t\t\t\t<\/div>\n\t\t\t\t<\/div>\n\t\t\t\t\t<\/div>\n\t\t<\/div>\n\t\t\t\t<div class=\"elementor-column elementor-col-50 elementor-inner-column elementor-element elementor-element-211ed72\" data-id=\"211ed72\" data-element_type=\"column\">\n\t\t\t<div class=\"elementor-widget-wrap elementor-element-populated\">\n\t\t\t\t\t\t<div class=\"elementor-element elementor-element-257cda1 xts-animation-flip-y-right xts-animation-normal xts_delay_500 elementor-widget elementor-widget-xts_infobox\" data-id=\"257cda1\" data-element_type=\"widget\" data-widget_type=\"xts_infobox.default\">\n\t\t\t\t<div class=\"elementor-widget-container\">\n\t\t\t\t\t\n\t\t<div class=\"xts-infobox xts-textalign-center xts-icon-top xts-scheme-dark xts-scheme-hover-light xts-with-bg-color xts-with-shadow xts-cursor-pointer\" onclick=\"window.location.href=&quot;#&quot;\">\n\t\t\t\n\t\t\t<div class=\"xts-box-content xts-reset-mb-10 xts-reset-all-last\">\n\t\t\t\t\n\t\t\t\t\t\t\t\t\t<h4 class=\"xts-box-title title xts-fontsize-m\" data-elementor-setting-key=\"title\">\n\t\t\t\t\t\t\u00dcst\u00fcn Memnuniyet\t\t\t\t\t<\/h4>\n\t\t\t\t\n\t\t\t\t\t\t\t\t\t<div class=\"xts-box-desc\" data-elementor-setting-key=\"description\">\n\t\t\t\t\t\t\u0130novasyonu ve i\u015f s\u00fcreklili\u011fini merkeze alarak, m\u00fc\u015fteri memnuniyetini her zaman bir ad\u0131m ileri ta\u015f\u0131yoruz.\n\t\t\t\t\t<\/div>\n\t\t\t\t\n\t\t\t\t\t\t\t<\/div>\n\n\t\t\t\t\t\t\t<div class=\"xts-box-overlay xts-fill\"><\/div>\n\t\t\t\t\t<\/div>\n\n\t\t\t\t\t\t<\/div>\n\t\t\t\t<\/div>\n\t\t\t\t\t<\/div>\n\t\t<\/div>\n\t\t\t\t\t<\/div>\n\t\t<\/section>\n\t\t\t\t\t<\/div>\n\t\t<\/div>\n\t\t\t\t\t<\/div>\n\t\t<\/section>\n\t\t\t\t<section class=\"elementor-section elementor-top-section elementor-element elementor-element-09940c5 elementor-reverse-tablet elementor-reverse-mobile elementor-section-boxed elementor-section-height-default elementor-section-height-default xts-section-disabled\" data-id=\"09940c5\" data-element_type=\"section\" data-settings=\"{&quot;background_background&quot;:&quot;classic&quot;}\">\n\t\t\t\t\t\t<div class=\"elementor-container elementor-column-gap-extended\">\n\t\t\t\t\t<div class=\"elementor-column elementor-col-50 elementor-top-column elementor-element elementor-element-257abf6\" data-id=\"257abf6\" data-element_type=\"column\">\n\t\t\t<div class=\"elementor-widget-wrap elementor-element-populated\">\n\t\t\t\t\t\t<div class=\"elementor-element elementor-element-abd38f0 xts-animation-flip-y-right xts-animation-normal elementor-widget__width-auto elementor-widget elementor-widget-counter\" data-id=\"abd38f0\" data-element_type=\"widget\" data-widget_type=\"counter.default\">\n\t\t\t\t<div class=\"elementor-widget-container\">\n\t\t\t\t\t\t\t<div class=\"elementor-counter\">\n\t\t\t<div class=\"elementor-counter-title\">M\u00fc\u015fteri Memnuniyeti<\/div>\t\t\t<div class=\"elementor-counter-number-wrapper\">\n\t\t\t\t<span class=\"elementor-counter-number-prefix\"><\/span>\n\t\t\t\t<span class=\"elementor-counter-number\" data-duration=\"2000\" data-to-value=\"100\" data-from-value=\"0\" data-delimiter=\",\">0<\/span>\n\t\t\t\t<span class=\"elementor-counter-number-suffix\">%<\/span>\n\t\t\t<\/div>\n\t\t<\/div>\n\t\t\t\t\t\t<\/div>\n\t\t\t\t<\/div>\n\t\t\t\t<div class=\"elementor-element elementor-element-5e6ea74 xts-animation-flip-y-right xts-animation-normal xts_delay_125 elementor-widget__width-auto elementor-widget elementor-widget-counter\" data-id=\"5e6ea74\" data-element_type=\"widget\" data-widget_type=\"counter.default\">\n\t\t\t\t<div class=\"elementor-widget-container\">\n\t\t\t\t\t\t\t<div class=\"elementor-counter\">\n\t\t\t<div class=\"elementor-counter-title\">Y\u0131l\u0131 A\u015fk\u0131n Tecr\u00fcbe<\/div>\t\t\t<div class=\"elementor-counter-number-wrapper\">\n\t\t\t\t<span class=\"elementor-counter-number-prefix\"><\/span>\n\t\t\t\t<span class=\"elementor-counter-number\" data-duration=\"2000\" data-to-value=\"20\" data-from-value=\"160\" data-delimiter=\",\">160<\/span>\n\t\t\t\t<span class=\"elementor-counter-number-suffix\"><\/span>\n\t\t\t<\/div>\n\t\t<\/div>\n\t\t\t\t\t\t<\/div>\n\t\t\t\t<\/div>\n\t\t\t\t\t<\/div>\n\t\t<\/div>\n\t\t\t\t<div class=\"elementor-column elementor-col-50 elementor-top-column elementor-element elementor-element-a5f1895\" data-id=\"a5f1895\" data-element_type=\"column\">\n\t\t\t<div class=\"elementor-widget-wrap elementor-element-populated\">\n\t\t\t\t\t\t<div class=\"elementor-element elementor-element-decaa7f xts-width-100 elementor-widget elementor-widget-xts_title\" data-id=\"decaa7f\" data-element_type=\"widget\" data-widget_type=\"xts_title.default\">\n\t\t\t\t<div class=\"elementor-widget-container\">\n\t\t\t\t\t\t\t\t<div class=\"xts-section-heading xts-reset-mb-10 xts-reset-last xts-textalign-left xts-in-view-animation xts-autoplay-animations-off\" data-animation-delay=\"125\">\n\t\t\t\t\n\t\t\t\t\t\t\t\t\t<h4 class=\"xts-section-title title xts-design-default xts-fontsize-xxl xts-animation-item xts-animation-short-in-up xts-animation-normal\">\n\t\t\t\t\t\t<span class=\"xts-section-title-text\" data-elementor-setting-key=\"title\">\n\t\t\t\t\t\t\tHakk\u0131m\u0131zda\t\t\t\t\t\t<\/span>\n\n\t\t\t\t\t\t\t\t\t\t\t<\/h4>\n\t\t\t\t\n\t\t\t\t\n\t\t\t\t\t\t\t\t\t<div class=\"xts-section-desc xts-animation-item xts-animation-short-in-up xts-animation-normal\">\n\t\t\t\t\t\t<div class=\"xts-section-desc-text xts-reset-all-last\" data-elementor-setting-key=\"description\">\n\t\t\t\t\t\t\t<p style=\"text-align: justify;\">BirCloud olarak, 20 y\u0131ll\u0131k sekt\u00f6r deneyimine sahip uzman ekibimizle, T\u00fcrkiye'de teknoloji ve sistem entegrasyonu alan\u0131nda yenilik\u00e7i ve g\u00fcvenilir \u00e7\u00f6z\u00fcmler sunuyoruz. Profesyonel y\u00f6netilebilir hizmetlerimiz sayesinde, i\u015fletmelerin BT altyap\u0131lar\u0131n\u0131 kesintisiz, g\u00fcvenli ve maksimum verimlilikle y\u00f6netmelerine olanak tan\u0131yoruz.<\/p>\t\t\t\t\t\t<\/div>\n\t\t\t\t\t<\/div>\n\t\t\t\t\t\t\t<\/div>\n\t\t\t\t\t\t<\/div>\n\t\t\t\t<\/div>\n\t\t\t\t\t<\/div>\n\t\t<\/div>\n\t\t\t\t\t<\/div>\n\t\t<\/section>\n\t\t\t\t<section class=\"elementor-section elementor-top-section elementor-element elementor-element-7d61b40 elementor-section-boxed elementor-section-height-default elementor-section-height-default xts-section-disabled\" data-id=\"7d61b40\" data-element_type=\"section\">\n\t\t\t\t\t\t<div class=\"elementor-container elementor-column-gap-extended\">\n\t\t\t\t\t<div class=\"elementor-column elementor-col-50 elementor-top-column elementor-element elementor-element-57a1e64\" data-id=\"57a1e64\" data-element_type=\"column\">\n\t\t\t<div class=\"elementor-widget-wrap elementor-element-populated\">\n\t\t\t\t\t\t<div class=\"elementor-element elementor-element-6534e8a3 xts-animation-short-in-up xts-animation-normal xts_delay_275 xts-scheme-inherit xts-textalign-inherit elementor-widget elementor-widget-text-editor\" data-id=\"6534e8a3\" data-element_type=\"widget\" data-widget_type=\"text-editor.default\">\n\t\t\t\t<div class=\"elementor-widget-container\">\n\t\t\t\t\t\t\t\t\t<p style=\"text-align: justify;\">Geli\u015fen teknolojiye h\u0131zla uyum sa\u011flayarak, farkl\u0131 sekt\u00f6rlerde faaliyet g\u00f6steren m\u00fc\u015fterilerimize \u00f6zelle\u015ftirilmi\u015f, \u00f6l\u00e7eklenebilir ve s\u00fcrd\u00fcr\u00fclebilir \u00e7\u00f6z\u00fcmler sunuyoruz. G\u00fc\u00e7l\u00fc i\u015f ortakl\u0131klar\u0131m\u0131z ve derin teknik bilgi birikimimiz sayesinde, sistem entegrasyonu, bak\u0131m, destek ve y\u00f6netilebilir hizmetler konular\u0131nda fark yaratan bir i\u015f orta\u011f\u0131 olmay\u0131 hedefliyoruz.<\/p>\t\t\t\t\t\t\t\t<\/div>\n\t\t\t\t<\/div>\n\t\t\t\t\t<\/div>\n\t\t<\/div>\n\t\t\t\t<div class=\"elementor-column elementor-col-50 elementor-top-column elementor-element elementor-element-15dccd9\" data-id=\"15dccd9\" data-element_type=\"column\">\n\t\t\t<div class=\"elementor-widget-wrap elementor-element-populated\">\n\t\t\t\t\t\t<div class=\"elementor-element elementor-element-09427d2 xts-animation-zoom-in xts-animation-normal xts_delay_125 elementor-widget elementor-widget-xts_image\" data-id=\"09427d2\" data-element_type=\"widget\" data-widget_type=\"xts_image.default\">\n\t\t\t\t<div class=\"elementor-widget-container\">\n\t\t\t\t\t\t\t\t<div class=\"xts-image-single xts-textalign-center\">\n\t\t\t\t<figure class=\"xts-image\">\n\t\t\t\t\t\t\t\t\t\t\t<div class=\"xts-image-inner\">\n\t\t\t\t\t\n\t\t\t\t\t\t<img fetchpriority=\"high\" decoding=\"async\" width=\"1200\" height=\"740\" src=\"https:\/\/www.bircloud.com\/tech\/wp-content\/uploads\/2019\/11\/about-us-image.jpg\" class=\"attachment-full size-full wp-image-468\" alt=\"\" \/>\n\t\t\t\t\t\t\t\t\t\t\t<\/div>\n\t\t\t\t\t\n\t\t\t\t\t\t\t\t\t<\/figure>\n\n\t\t\t\t\t\t\t<\/div>\n\t\t\t\t\t\t<\/div>\n\t\t\t\t<\/div>\n\t\t\t\t\t<\/div>\n\t\t<\/div>\n\t\t\t\t\t<\/div>\n\t\t<\/section>\n\t\t\t\t<section class=\"elementor-section elementor-top-section elementor-element elementor-element-e65c0be elementor-reverse-tablet elementor-reverse-mobile elementor-section-boxed elementor-section-height-default elementor-section-height-default xts-section-disabled\" data-id=\"e65c0be\" data-element_type=\"section\">\n\t\t\t\t\t\t<div class=\"elementor-container elementor-column-gap-extended\">\n\t\t\t\t\t<div class=\"elementor-column elementor-col-50 elementor-top-column elementor-element elementor-element-948c036\" data-id=\"948c036\" data-element_type=\"column\">\n\t\t\t<div class=\"elementor-widget-wrap elementor-element-populated\">\n\t\t\t\t\t\t<div class=\"elementor-element elementor-element-16f0d2c xts-animation-zoom-in xts-animation-normal elementor-widget elementor-widget-xts_image\" data-id=\"16f0d2c\" data-element_type=\"widget\" data-widget_type=\"xts_image.default\">\n\t\t\t\t<div class=\"elementor-widget-container\">\n\t\t\t\t\t\t\t\t<div class=\"xts-image-single xts-textalign-center\">\n\t\t\t\t<figure class=\"xts-image\">\n\t\t\t\t\t\t\t\t\t\t\t<div class=\"xts-image-inner\">\n\t\t\t\t\t\n\t\t\t\t\t\t<img decoding=\"async\" width=\"1200\" height=\"742\" src=\"https:\/\/www.bircloud.com\/tech\/wp-content\/uploads\/2019\/11\/post-jupiter-image-24-opt.jpg\" class=\"attachment-full size-full wp-image-244\" alt=\"\" \/>\n\t\t\t\t\t\t\t\t\t\t\t<\/div>\n\t\t\t\t\t\n\t\t\t\t\t\t\t\t\t<\/figure>\n\n\t\t\t\t\t\t\t<\/div>\n\t\t\t\t\t\t<\/div>\n\t\t\t\t<\/div>\n\t\t\t\t\t<\/div>\n\t\t<\/div>\n\t\t\t\t<div class=\"elementor-column elementor-col-50 elementor-top-column elementor-element elementor-element-e993fcd\" data-id=\"e993fcd\" data-element_type=\"column\">\n\t\t\t<div class=\"elementor-widget-wrap elementor-element-populated\">\n\t\t\t\t\t\t<div class=\"elementor-element elementor-element-39ccc34 xts-animation-short-in-up xts-animation-normal xts_delay_275 xts-scheme-inherit xts-textalign-inherit elementor-widget elementor-widget-text-editor\" data-id=\"39ccc34\" data-element_type=\"widget\" data-widget_type=\"text-editor.default\">\n\t\t\t\t<div class=\"elementor-widget-container\">\n\t\t\t\t\t\t\t\t\t<p style=\"text-align: justify;\">20 y\u0131ll\u0131k deneyimimiz ve m\u00fc\u015fteri odakl\u0131 yakla\u015f\u0131m\u0131m\u0131zla, i\u015fletmenizin teknoloji altyap\u0131s\u0131n\u0131 en \u00fcst seviyeye ta\u015f\u0131mak ve i\u015f s\u00fcre\u00e7lerinizi daha verimli hale getirmek\u00a0i\u00e7in\u00a0buraday\u0131z.<\/p><div id=\"gtx-trans\" style=\"position: absolute; left: 223px; top: 110px;\"><div class=\"gtx-trans-icon\">\u00a0<\/div><\/div>\t\t\t\t\t\t\t\t<\/div>\n\t\t\t\t<\/div>\n\t\t\t\t\t<\/div>\n\t\t<\/div>\n\t\t\t\t\t<\/div>\n\t\t<\/section>\n\t\t\t\t<\/div>\n\t\t","protected":false},"excerpt":{"rendered":"<p>BirCloud &#8220;Hep Bir Ad\u0131m \u00d6nde!&#8221; 20 y\u0131l\u0131 a\u015fk\u0131n sekt\u00f6r tecr\u00fcbesine sahip uzman kadromuzla, g\u00fcvenilir, \u00f6l\u00e7eklenebilir ve y\u00fcksek performansl\u0131 bulut altyap\u0131lar\u0131 sunarak i\u015fletmelerin veri y\u00f6netimi, yedekleme, g\u00fcvenlik ve i\u015f s\u00fcreklili\u011fi s\u00fcre\u00e7lerini en verimli \u015fekilde y\u00f6netmelerine destek olmaktay\u0131z. G\u00fcvenilir \u00c7\u00f6z\u00fcmler S\u00fcrekli de\u011fi\u015fen d\u00fcnyaya uyum sa\u011flarken, en yeni teknolojileri hayat\u0131n ve i\u015f d\u00fcnyas\u0131n\u0131n merkezine entegre ediyoruz. Yenilik\u00e7i Teknolojiler [&hellip;]<\/p>\n","protected":false},"author":1,"featured_media":0,"parent":0,"menu_order":0,"comment_status":"closed","ping_status":"closed","template":"elementor_header_footer","meta":{"footnotes":""},"class_list":["post-1918","page","type-page","status-publish","hentry"],"_links":{"self":[{"href":"https:\/\/www.bircloud.com\/tech\/index.php?rest_route=\/wp\/v2\/pages\/1918","targetHints":{"allow":["GET"]}}],"collection":[{"href":"https:\/\/www.bircloud.com\/tech\/index.php?rest_route=\/wp\/v2\/pages"}],"about":[{"href":"https:\/\/www.bircloud.com\/tech\/index.php?rest_route=\/wp\/v2\/types\/page"}],"author":[{"embeddable":true,"href":"https:\/\/www.bircloud.com\/tech\/index.php?rest_route=\/wp\/v2\/users\/1"}],"replies":[{"embeddable":true,"href":"https:\/\/www.bircloud.com\/tech\/index.php?rest_route=%2Fwp%2Fv2%2Fcomments&post=1918"}],"version-history":[{"count":6,"href":"https:\/\/www.bircloud.com\/tech\/index.php?rest_route=\/wp\/v2\/pages\/1918\/revisions"}],"predecessor-version":[{"id":2016,"href":"https:\/\/www.bircloud.com\/tech\/index.php?rest_route=\/wp\/v2\/pages\/1918\/revisions\/2016"}],"wp:attachment":[{"href":"https:\/\/www.bircloud.com\/tech\/index.php?rest_route=%2Fwp%2Fv2%2Fmedia&parent=1918"}],"curies":[{"name":"wp","href":"https:\/\/api.w.org\/{rel}","templated":true}]}}