{"id":2017,"date":"2025-03-18T12:57:58","date_gmt":"2025-03-18T09:57:58","guid":{"rendered":"https:\/\/www.bircloud.com\/tech\/?page_id=2017"},"modified":"2025-03-18T13:04:55","modified_gmt":"2025-03-18T10:04:55","slug":"yonetilen-hizmetler","status":"publish","type":"page","link":"https:\/\/www.bircloud.com\/tech\/?page_id=2017","title":{"rendered":"Y\u00f6netilen Hizmetler"},"content":{"rendered":"\t\t<div data-elementor-type=\"wp-page\" data-elementor-id=\"2017\" class=\"elementor elementor-2017\">\n\t\t\t\t<div class=\"elementor-element elementor-element-187088e2 e-flex e-con-boxed xts-section-disabled e-con e-parent\" data-id=\"187088e2\" data-element_type=\"container\">\n\t\t\t\t\t<div class=\"e-con-inner\">\n\t\t\t\t<div class=\"elementor-element elementor-element-80083dd xts-scheme-inherit xts-textalign-inherit elementor-widget elementor-widget-text-editor\" data-id=\"80083dd\" data-element_type=\"widget\" data-widget_type=\"text-editor.default\">\n\t\t\t\t<div class=\"elementor-widget-container\">\n\t\t\t\t\t\t\t\t\t<!DOCTYPE html>\n<html lang=\"tr\">\n<head>\n    <meta charset=\"UTF-8\">\n    <meta name=\"viewport\" content=\"width=device-width, initial-scale=1.0\">\n    <style>\n\n\n\n        .main-content {\n            display: flex;\n            min-height: calc(100vh - 80px);\n        }\n\n        .sidebar {\n            width: 250px;\n            background-color: #f0f0f0;\n            padding: 20px;\n            border-right: 1px solid #ddd;\n        }\n\n        .sidebar ul {\n            list-style: none;\n            padding: 0;\n            margin: 0;\n        }\n\n        .sidebar li {\n            margin-bottom: 10px;\n        }\n\n        .sidebar a {\n            color: #003366;\n            text-decoration: none;\n            display: block;\n            padding: 10px;\n            border-radius: 4px;\n            transition: background-color 0.3s;\n        }\n\n        .sidebar a:hover {\n            background-color: #e0e0e0;\n        }\n\n        .container1 {\n            flex: 1;\n            padding: 40px;\n            max-width: 1200px;\n            margin: 0 auto;\n        }\n\n        .service-section {\n            margin-bottom: 40px;\n        }\n\n        .service-section h2 {\n            color: #003366;\n            margin-bottom: 30px;\n        }\n\n        .service-grid {\n            display: grid;\n            grid-template-columns: repeat(auto-fit, minmax(300px, 1fr));\n            gap: 30px;\n        }\n\n        .service-card {\n            background-color: #f5f5f5;\n            padding: 30px;\n            border-radius: 8px;\n            box-shadow: 0 2px 4px rgba(0,0,0,0.1);\n            transition: transform 0.3s ease;\n        }\n\n        .service-card:hover {\n            transform: translateY(-5px);\n        }\n\n        .service-card h3 {\n            color: #003366;\n            margin-bottom: 15px;\n        }\n\n        .service-card p {\n            color: #666;\n            margin: 0;\n        }\n\n        .intro-text {\n            max-width: 800px;\n            margin: 0 auto 40px;\n            color: #666;\n        }\n\n        @media (max-width: 768px) {\n            .main-content {\n                flex-direction: column;\n            }\n            .sidebar {\n                width: 100%;\n                border-right: none;\n                border-bottom: 1px solid #ddd;\n            }\n        }\n    <\/style>\n<\/head>\n<body>\n\n\n    <div class=\"main-content\">\n        <nav class=\"sidebar\">\n            <ul>\n                <li><a href=\"#isletim-hizmeti\">7&#215;24 \u0130\u015fletim Hizmeti<\/a><\/li>\n                <li><a href=\"#isletim-sistemi\">\u0130\u015fletim Sistemi Y\u00f6netimi<\/a><\/li>\n                <li><a href=\"#active-directory\">Active Directory Y\u00f6netimi<\/a><\/li>\n                <li><a href=\"#izleme\">7&#215;24 \u0130zleme Hizmetleri<\/a><\/li>\n                <li><a href=\"#sanallastirma\">Sanalla\u015ft\u0131rma Y\u00f6netimi<\/a><\/li>\n                <li><a href=\"#veri-depolama\">Veri Depolama Y\u00f6netimi<\/a><\/li>\n                <li><a href=\"#exchange\">Microsoft Exchange Y\u00f6netimi<\/a><\/li>\n                <li><a href=\"#strateji\">BT Strateji ve Planlama<\/a><\/li>\n            <\/ul>\n        <\/nav>\n\n        <div class=\"container1\">\n            <div class=\"intro-text\">\n                <p>BT konusunda \u015firketinizin stratejik i\u015f orta\u011f\u0131 olarak, BT departman\u0131n\u0131z\u0131 tamamlayabilir veya BT departman\u0131n\u0131z olabiliriz. \u0130\u015f ihtiya\u00e7lar\u0131n\u0131za en uygun teknolojinin se\u00e7iminden, temin edilmesine, kurulmas\u0131na, i\u015fletilmesi ve y\u00f6netimine kadar olan t\u00fcm s\u00fcreci \u00fcstleniyoruz.<\/p>\n            <\/div>\n\n            <div class=\"service-section\">\n                <h2>Y\u00f6netilen Hizmetlerimiz<\/h2>\n                <div class=\"service-grid\">\n                    <div id=\"isletim-hizmeti\" class=\"service-card\">\n                        <h3>7&#215;24 \u0130\u015fletim Hizmeti<\/h3>\n                        <p>Veri merkezi izleme, yedekleme ve geri kurtarma kontrolleri, operasyonel hizmetler, uygulama ve sistem kontrol\u00fc.<\/p>\n                    <\/div>\n\n                    <div id=\"isletim-sistemi\" class=\"service-card\">\n                        <h3>\u0130\u015fletim Sistemi Y\u00f6netimi<\/h3>\n                        <p>Windows, Linux, IBM AIX ve AS400 sistemlerinin y\u00f6netimi, g\u00fcvenlik g\u00fcncellemeleri, performans izleme ve optimizasyon.<\/p>\n                    <\/div>\n\n                    <div id=\"active-directory\" class=\"service-card\">\n                        <h3>Microsoft Active Directory Y\u00f6netimi<\/h3>\n                        <p>Kullan\u0131c\u0131 ve yetki tan\u0131mlar\u0131, g\u00fcvenlik gruplar\u0131, grup politikalar\u0131 y\u00f6netimi ve LDAP entegrasyonlar\u0131.<\/p>\n                    <\/div>\n\n                    <div id=\"izleme\" class=\"service-card\">\n                        <h3>7&#215;24 \u0130zleme Hizmetleri<\/h3>\n                        <p>Proaktif sistem izleme, sorun tespiti ve \u00e7\u00f6z\u00fcm\u00fc, kritik BT bile\u015fenlerinin s\u00fcrekli takibi.<\/p>\n                    <\/div>\n\n                    <div id=\"sanallastirma\" class=\"service-card\">\n                        <h3>Sanalla\u015ft\u0131rma Y\u00f6netimi<\/h3>\n                        <p>VMware, Hyper-V ve KVM platformlar\u0131n\u0131n y\u00f6netimi, performans izleme ve optimizasyon hizmetleri.<\/p>\n                    <\/div>\n\n                    <div id=\"veri-depolama\" class=\"service-card\">\n                        <h3>Veri Depolama Sistem Y\u00f6netimi<\/h3>\n                        <p>Veri depolama sistemlerinin izlenmesi, performans optimizasyonu, kapasite planlamas\u0131 ve y\u00f6netimi.<\/p>\n                    <\/div>\n\n                    <div id=\"exchange\" class=\"service-card\">\n                        <h3>Microsoft Exchange Y\u00f6netimi<\/h3>\n                        <p>E-posta sistemlerinin kurulumu, y\u00f6netimi, g\u00fcvenlik yap\u0131land\u0131rmas\u0131 ve kullan\u0131c\u0131 hesaplar\u0131 y\u00f6netimi.<\/p>\n                    <\/div>\n\n                    <div id=\"strateji\" class=\"service-card\">\n                        <h3>BT Strateji ve Planlama<\/h3>\n                        <p>Dijital d\u00f6n\u00fc\u015f\u00fcm s\u00fcre\u00e7lerinde dan\u0131\u015fmanl\u0131k, teknoloji se\u00e7imi ve strateji belirleme hizmetleri.<\/p>\n                    <\/div>\n                <\/div>\n            <\/div>\n        <\/div>\n    <\/div>\n<\/body>\n<\/html>\t\t\t\t\t\t\t\t<\/div>\n\t\t\t\t<\/div>\n\t\t\t\t\t<\/div>\n\t\t\t\t<\/div>\n\t\t\t\t<\/div>\n\t\t","protected":false},"excerpt":{"rendered":"<p>7&#215;24 \u0130\u015fletim Hizmeti \u0130\u015fletim Sistemi Y\u00f6netimi Active Directory Y\u00f6netimi 7&#215;24 \u0130zleme Hizmetleri Sanalla\u015ft\u0131rma Y\u00f6netimi Veri Depolama Y\u00f6netimi Microsoft Exchange Y\u00f6netimi BT Strateji ve Planlama BT konusunda \u015firketinizin stratejik i\u015f orta\u011f\u0131 olarak, BT departman\u0131n\u0131z\u0131 tamamlayabilir veya BT departman\u0131n\u0131z olabiliriz. \u0130\u015f ihtiya\u00e7lar\u0131n\u0131za en uygun teknolojinin se\u00e7iminden, temin edilmesine, kurulmas\u0131na, i\u015fletilmesi ve y\u00f6netimine kadar olan t\u00fcm s\u00fcreci \u00fcstleniyoruz. [&hellip;]<\/p>\n","protected":false},"author":1,"featured_media":0,"parent":0,"menu_order":0,"comment_status":"closed","ping_status":"closed","template":"elementor_header_footer","meta":{"footnotes":""},"class_list":["post-2017","page","type-page","status-publish","hentry"],"_links":{"self":[{"href":"https:\/\/www.bircloud.com\/tech\/index.php?rest_route=\/wp\/v2\/pages\/2017","targetHints":{"allow":["GET"]}}],"collection":[{"href":"https:\/\/www.bircloud.com\/tech\/index.php?rest_route=\/wp\/v2\/pages"}],"about":[{"href":"https:\/\/www.bircloud.com\/tech\/index.php?rest_route=\/wp\/v2\/types\/page"}],"author":[{"embeddable":true,"href":"https:\/\/www.bircloud.com\/tech\/index.php?rest_route=\/wp\/v2\/users\/1"}],"replies":[{"embeddable":true,"href":"https:\/\/www.bircloud.com\/tech\/index.php?rest_route=%2Fwp%2Fv2%2Fcomments&post=2017"}],"version-history":[{"count":7,"href":"https:\/\/www.bircloud.com\/tech\/index.php?rest_route=\/wp\/v2\/pages\/2017\/revisions"}],"predecessor-version":[{"id":2025,"href":"https:\/\/www.bircloud.com\/tech\/index.php?rest_route=\/wp\/v2\/pages\/2017\/revisions\/2025"}],"wp:attachment":[{"href":"https:\/\/www.bircloud.com\/tech\/index.php?rest_route=%2Fwp%2Fv2%2Fmedia&parent=2017"}],"curies":[{"name":"wp","href":"https:\/\/api.w.org\/{rel}","templated":true}]}}