{"id":2026,"date":"2025-03-18T13:08:03","date_gmt":"2025-03-18T10:08:03","guid":{"rendered":"https:\/\/www.bircloud.com\/tech\/?page_id=2026"},"modified":"2025-03-18T14:41:39","modified_gmt":"2025-03-18T11:41:39","slug":"bakim-onarim-destek-hizmetleri","status":"publish","type":"page","link":"https:\/\/www.bircloud.com\/tech\/?page_id=2026","title":{"rendered":"Bak\u0131m, Onar\u0131m &amp; Destek Hizmetleri"},"content":{"rendered":"\t\t<div data-elementor-type=\"wp-page\" data-elementor-id=\"2026\" class=\"elementor elementor-2026\">\n\t\t\t\t<div class=\"elementor-element elementor-element-a5dd800 e-flex e-con-boxed xts-section-disabled e-con e-parent\" data-id=\"a5dd800\" data-element_type=\"container\">\n\t\t\t\t\t<div class=\"e-con-inner\">\n\t\t\t\t<div class=\"elementor-element elementor-element-fb0b192 elementor-widget elementor-widget-html\" data-id=\"fb0b192\" data-element_type=\"widget\" data-widget_type=\"html.default\">\n\t\t\t\t<div class=\"elementor-widget-container\">\n\t\t\t\t\t<!DOCTYPE html>\r\n<html lang=\"tr\">\r\n<head>\r\n    <meta charset=\"UTF-8\">\r\n    <meta name=\"viewport\" content=\"width=device-width, initial-scale=1.0\">\r\n    <title>BirCloud - \u00dcr\u00fcnler<\/title>\r\n    <link rel=\"stylesheet\" href=\"https:\/\/cdnjs.cloudflare.com\/ajax\/libs\/font-awesome\/6.0.0-beta3\/css\/all.min.css\">\r\n    <style>\r\n        * {\r\n            margin: 0;\r\n            padding: 0;\r\n            box-sizing: border-box;\r\n            font-family: 'Arial', sans-serif;\r\n        }\r\n\r\n        \/* Header *\/\r\n        .header {\r\n            background: linear-gradient(90deg, #ff6200, #ff8c00);\r\n            color: white;\r\n            text-align: center;\r\n            padding: 3rem 1rem;\r\n            margin-bottom: 2rem;\r\n        }\r\n\r\n        .header h1 {\r\n            font-size: 2.5rem;\r\n            margin-bottom: 0.5rem;\r\n        }\r\n\r\n        .header p {\r\n            font-size: 1.2rem;\r\n            font-style: italic;\r\n        }\r\n\r\n        \/* Product Container *\/\r\n        .product-container {\r\n            max-width: 1200px;\r\n            margin: 0 auto;\r\n            padding: 2rem;\r\n            display: grid;\r\n            grid-template-columns: repeat(auto-fit, minmax(500px, 1fr));\r\n            gap: 2rem;\r\n        }\r\n\r\n        \/* Product Card *\/\r\n        .product-card {\r\n            background: white;\r\n            border-radius: 15px;\r\n            box-shadow: 0 4px 8px rgba(0, 0, 0, 0.1);\r\n            padding: 2rem;\r\n            transition: transform 0.3s ease, box-shadow 0.3s ease, background-color 0.3s ease;\r\n        }\r\n\r\n        .product-card:hover {\r\n            transform: scale(1.02) translateY(-5px);\r\n            box-shadow: 0 10px 20px rgba(0, 0, 0, 0.15);\r\n            background-color: #fff9f2; \/* Subtle orange tint on hover *\/\r\n        }\r\n\r\n        .product-card h2 {\r\n            color: #ff6200;\r\n            font-size: 1.8rem;\r\n            margin-bottom: 1rem;\r\n            display: flex;\r\n            align-items: center;\r\n        }\r\n\r\n        .product-card h2 i {\r\n            margin-right: 0.5rem;\r\n            color: #ff6200;\r\n            transition: transform 0.3s ease;\r\n        }\r\n\r\n        .product-card:hover h2 i {\r\n            transform: rotate(15deg);\r\n        }\r\n\r\n        .product-card p {\r\n            font-size: 1.1rem;\r\n            margin-bottom: 1rem;\r\n        }\r\n\r\n        \/* Footer *\/\r\n        .footer {\r\n            text-align: center;\r\n            padding: 2rem;\r\n            background-color: #ff6200;\r\n            color: white;\r\n            margin-top: 2rem;\r\n            border-radius: 10px 10px 0 0;\r\n        }\r\n\r\n        .footer p {\r\n            font-size: 1.2rem;\r\n        }\r\n\r\n        \/* Responsive Design *\/\r\n        @media (max-width: 768px) {\r\n            .header h1 {\r\n                font-size: 1.8rem;\r\n            }\r\n\r\n            .header p {\r\n                font-size: 1rem;\r\n            }\r\n\r\n            .product-container {\r\n                grid-template-columns: 1fr;\r\n                padding: 1rem;\r\n            }\r\n\r\n            .product-card h2 {\r\n                font-size: 1.5rem;\r\n            }\r\n\r\n            .product-card p {\r\n                font-size: 1rem;\r\n            }\r\n        }\r\n    <\/style>\r\n<\/head>\r\n<body>\r\n\r\n    <!-- Product Container -->\r\n    <div class=\"product-container\">\r\n        <!-- Donan\u0131m Destek Hizmetleri -->\r\n        <div class=\"product-card\">\r\n            <h2><i class=\"fas fa-server\"><\/i> Donan\u0131m Destek Hizmetleri<\/h2>\r\n            <p>G\u00fcn\u00fcm\u00fczde BT sistemlerinin kesintisiz \u00e7al\u0131\u015fmas\u0131, i\u015fletmeler i\u00e7in vazge\u00e7ilmez bir ihtiya\u00e7t\u0131r. \u015eirketler, bili\u015fim teknolojilerini yaln\u0131zca bir gider kalemi olarak de\u011fil, rekabet avantaj\u0131 sunan stratejik bir ara\u00e7 olarak g\u00f6rmektedir. Ancak bu ba\u011f\u0131ml\u0131l\u0131k, sistem s\u00fcreklili\u011fini kritik bir mesele haline getiriyor.<\/p>\r\n            <p>BirCloud, BT sistemlerinizin g\u00fcvenilirli\u011fini ve s\u00fcreklili\u011fini sa\u011flamak i\u00e7in yan\u0131n\u0131zda! \u00dcretici servis paketlerine g\u00f6re daha esnek, h\u0131zl\u0131 ve maliyet-etkin \u00e7\u00f6z\u00fcmler sunarak operasyonlar\u0131n\u0131z\u0131n aksamadan devam etmesini sa\u011flar. Standart \u00fcretici paketleri genellikle sistemin tamam\u0131na odaklanmaz, \u00f6zel \u00e7\u00f6z\u00fcmler sunmaz ve yerinde destek gibi \u00f6nemli hizmetleri i\u00e7ermeyebilir.<\/p>\r\n            <p>BirCloud Donan\u0131m Destek Hizmetleri, BT altyap\u0131n\u0131z\u0131n en y\u00fcksek verimlilikle \u00e7al\u0131\u015fmas\u0131n\u0131 garantiler. S\u00f6zle\u015fmeli destek alan m\u00fc\u015fterilerimiz, periyodik bak\u0131m, performans analizleri ve yama y\u00f6netimi gibi proaktif hizmetlerle olas\u0131 sorunlar\u0131 \u00f6nceden tespit edebilir, b\u00f6ylece sistem kesintilerini minimuma indirir.<\/p>\r\n        <\/div>\r\n\r\n        <!-- Yaz\u0131l\u0131m Destek Hizmetleri -->\r\n        <div class=\"product-card\">\r\n            <h2><i class=\"fas fa-code\"><\/i> Yaz\u0131l\u0131m Destek Hizmetleri<\/h2>\r\n            <p>Orta ve b\u00fcy\u00fck \u00f6l\u00e7ekli i\u015fletmeler, BT ekipleriyle temel operasyonel hizmetleri y\u00f6netebilse de, karma\u015f\u0131k yaz\u0131l\u0131m sorunlar\u0131nda genellikle \u00fcreticilere ba\u011f\u0131ml\u0131 kal\u0131r. Ancak \u00fcreticilerin standart yaz\u0131l\u0131m destek paketleri, h\u0131zl\u0131 \u00e7\u00f6z\u00fcm s\u00fcreleri sunmaz, t\u00fcm sistem bile\u015fenlerini kapsamaz ve yerinde hizmetleri desteklemez.<\/p>\r\n            <p>BirCloud Yaz\u0131l\u0131m Destek Hizmetleri, i\u015fletim sistemleri ve di\u011fer yaz\u0131l\u0131mlarla ilgili sorunlar\u0131n\u0131z\u0131 en h\u0131zl\u0131 ve etkili \u015fekilde \u00e7\u00f6zer. Uzun bekleme s\u00fcrelerini ortadan kald\u0131rarak, yerinde ve anl\u0131k destekle ek maliyetleri azalt\u0131r.<\/p>\r\n            <p>S\u00f6zle\u015fmeli yaz\u0131l\u0131m destek hizmetimizle, m\u00fc\u015fterilerimiz yaln\u0131zca reaktif \u00e7\u00f6z\u00fcmler de\u011fil, ayn\u0131 zamanda periyodik kontroller, performans analizleri ve yama y\u00f6netimi gibi proaktif hizmetlerden de faydalan\u0131r. B\u00f6ylece BT altyap\u0131n\u0131z\u0131n verimlili\u011fi artar ve sistem kesintileri en aza iner.<\/p>\r\n        <\/div>\r\n    <\/div>\r\n\r\n    <!-- Footer -->\r\n    <div class=\"footer\">\r\n        <p>BirCloud ile BT sistemlerinizi g\u00fcvenle y\u00f6netin ve kesintisiz bir deneyim ya\u015fay\u0131n!<\/p>\r\n    <\/div>\r\n<\/body>\r\n<\/html>\t\t\t\t<\/div>\n\t\t\t\t<\/div>\n\t\t\t\t\t<\/div>\n\t\t\t\t<\/div>\n\t\t\t\t<\/div>\n\t\t","protected":false},"excerpt":{"rendered":"<p>BirCloud &#8211; \u00dcr\u00fcnler Donan\u0131m Destek Hizmetleri G\u00fcn\u00fcm\u00fczde BT sistemlerinin kesintisiz \u00e7al\u0131\u015fmas\u0131, i\u015fletmeler i\u00e7in vazge\u00e7ilmez bir ihtiya\u00e7t\u0131r. \u015eirketler, bili\u015fim teknolojilerini yaln\u0131zca bir gider kalemi olarak de\u011fil, rekabet avantaj\u0131 sunan stratejik bir ara\u00e7 olarak g\u00f6rmektedir. Ancak bu ba\u011f\u0131ml\u0131l\u0131k, sistem s\u00fcreklili\u011fini kritik bir mesele haline getiriyor. BirCloud, BT sistemlerinizin g\u00fcvenilirli\u011fini ve s\u00fcreklili\u011fini sa\u011flamak i\u00e7in yan\u0131n\u0131zda! \u00dcretici servis paketlerine [&hellip;]<\/p>\n","protected":false},"author":1,"featured_media":0,"parent":0,"menu_order":0,"comment_status":"closed","ping_status":"closed","template":"elementor_header_footer","meta":{"footnotes":""},"class_list":["post-2026","page","type-page","status-publish","hentry"],"_links":{"self":[{"href":"https:\/\/www.bircloud.com\/tech\/index.php?rest_route=\/wp\/v2\/pages\/2026","targetHints":{"allow":["GET"]}}],"collection":[{"href":"https:\/\/www.bircloud.com\/tech\/index.php?rest_route=\/wp\/v2\/pages"}],"about":[{"href":"https:\/\/www.bircloud.com\/tech\/index.php?rest_route=\/wp\/v2\/types\/page"}],"author":[{"embeddable":true,"href":"https:\/\/www.bircloud.com\/tech\/index.php?rest_route=\/wp\/v2\/users\/1"}],"replies":[{"embeddable":true,"href":"https:\/\/www.bircloud.com\/tech\/index.php?rest_route=%2Fwp%2Fv2%2Fcomments&post=2026"}],"version-history":[{"count":16,"href":"https:\/\/www.bircloud.com\/tech\/index.php?rest_route=\/wp\/v2\/pages\/2026\/revisions"}],"predecessor-version":[{"id":2089,"href":"https:\/\/www.bircloud.com\/tech\/index.php?rest_route=\/wp\/v2\/pages\/2026\/revisions\/2089"}],"wp:attachment":[{"href":"https:\/\/www.bircloud.com\/tech\/index.php?rest_route=%2Fwp%2Fv2%2Fmedia&parent=2026"}],"curies":[{"name":"wp","href":"https:\/\/api.w.org\/{rel}","templated":true}]}}