{"id":2058,"date":"2025-03-18T14:18:13","date_gmt":"2025-03-18T11:18:13","guid":{"rendered":"https:\/\/www.bircloud.com\/tech\/?page_id=2058"},"modified":"2025-03-18T14:55:39","modified_gmt":"2025-03-18T11:55:39","slug":"hizmet-sunum-modelleri","status":"publish","type":"page","link":"https:\/\/www.bircloud.com\/tech\/?page_id=2058","title":{"rendered":"Hizmet Sunum Modelleri"},"content":{"rendered":"\t\t<div data-elementor-type=\"wp-page\" data-elementor-id=\"2058\" class=\"elementor elementor-2058\">\n\t\t\t\t<div class=\"elementor-element elementor-element-bf393cd e-flex e-con-boxed xts-section-disabled e-con e-parent\" data-id=\"bf393cd\" data-element_type=\"container\">\n\t\t\t\t\t<div class=\"e-con-inner\">\n\t\t\t\t<div class=\"elementor-element elementor-element-8c3fe42 elementor-widget elementor-widget-html\" data-id=\"8c3fe42\" data-element_type=\"widget\" data-widget_type=\"html.default\">\n\t\t\t\t<div class=\"elementor-widget-container\">\n\t\t\t\t\t<!DOCTYPE html>\r\n<html lang=\"tr\">\r\n<head>\r\n    <meta charset=\"UTF-8\">\r\n    <meta name=\"viewport\" content=\"width=device-width, initial-scale=1.0\">\r\n    <title>BirCloud - Hizmet Sunum Modelleri<\/title>\r\n    <link rel=\"stylesheet\" href=\"https:\/\/cdnjs.cloudflare.com\/ajax\/libs\/font-awesome\/6.0.0-beta3\/css\/all.min.css\">\r\n    <style>\r\n\r\n\r\n\r\n\r\n        \/* Container *\/\r\n        .container {\r\n            max-width: 1200px;\r\n            margin: 0 auto;\r\n         \r\n        }\r\n\r\n        \/* Service Section *\/\r\n        .service-section {\r\n            display: flex;\r\n            align-items: center;\r\n            background: white;\r\n            margin: 2rem 0;\r\n            padding: 2rem;\r\n            border-radius: 15px;\r\n            box-shadow: 0 6px 12px rgba(0, 0, 0, 0.1);\r\n            transition: transform 0.3s ease, box-shadow 0.3s ease, background-color 0.3s ease;\r\n            overflow: hidden;\r\n        }\r\n\r\n        .service-section:hover {\r\n            transform: translateY(-8px);\r\n            box-shadow: 0 12px 24px rgba(0, 0, 0, 0.2);\r\n            background: linear-gradient(135deg, white 70%, #fff3e6 100%);\r\n        }\r\n\r\n        .service-section i {\r\n            font-size: 2.5rem;\r\n            color: #ff6200;\r\n            margin-right: 1.5rem;\r\n            transition: transform 0.3s ease, color 0.3s ease, text-shadow 0.3s ease;\r\n            text-shadow: 0 2px 4px rgba(0, 0, 0, 0.1); \/* Subtle shadow for depth *\/\r\n        }\r\n\r\n        .service-section:hover i {\r\n            transform: scale(1.2) rotate(15deg);\r\n            color: #e05500;\r\n            text-shadow: 0 4px 8px rgba(0, 0, 0, 0.2); \/* Enhanced shadow on hover *\/\r\n        }\r\n\r\n        .service-content h2 {\r\n            color: #ff6200;\r\n            font-size: 1.8rem;\r\n            margin-bottom: 1rem;\r\n            transition: color 0.3s ease;\r\n        }\r\n\r\n        .service-section:hover .service-content h2 {\r\n            color: #e05500;\r\n        }\r\n\r\n        .service-content p {\r\n            font-size: 1.1rem;\r\n            margin-bottom: 1rem;\r\n            transition: opacity 0.3s ease;\r\n        }\r\n\r\n        .service-section:hover .service-content p {\r\n            opacity: 0.9;\r\n        }\r\n\r\n        \/* CTA Button *\/\r\n        .cta-button {\r\n            display: inline-flex;\r\n            align-items: center;\r\n            justify-content: center;\r\n            margin: 2rem auto;\r\n            text-align: center;\r\n            background: #ff6200;\r\n            color: white;\r\n            padding: 1rem 2rem;\r\n            border-radius: 5px;\r\n            text-decoration: none;\r\n            font-weight: bold;\r\n            transition: all 0.3s ease;\r\n            box-shadow: 0 4px 8px rgba(255, 98, 0, 0.3);\r\n        }\r\n\r\n        .cta-button i {\r\n            margin-right: 0.5rem;\r\n            font-size: 1.2rem;\r\n            transition: transform 0.3s ease;\r\n        }\r\n\r\n        .cta-button:hover {\r\n            background: #e05500;\r\n            transform: translateY(-2px);\r\n            box-shadow: 0 6px 12px rgba(255, 98, 0, 0.4);\r\n        }\r\n\r\n        .cta-button:hover i {\r\n            transform: translateX(5px); \/* Icon moves slightly right on hover *\/\r\n        }\r\n\r\n        \/* Footer *\/\r\n        footer {\r\n            text-align: center;\r\n            padding: 2rem;\r\n            background: #ff6200;\r\n            color: white;\r\n            margin-top: 2rem;\r\n        }\r\n\r\n        footer p {\r\n            font-size: 1.2rem;\r\n            display: flex;\r\n            align-items: center;\r\n            justify-content: center;\r\n        }\r\n\r\n        footer p i {\r\n            margin-left: 0.5rem;\r\n            font-size: 1.5rem;\r\n            animation: pulse 2s infinite;\r\n        }\r\n\r\n        \/* Animations *\/\r\n        @keyframes fadeIn {\r\n            from { opacity: 0; }\r\n            to { opacity: 1; }\r\n        }\r\n\r\n        @keyframes pulse {\r\n            0% { transform: scale(1); }\r\n            50% { transform: scale(1.05); }\r\n            100% { transform: scale(1); }\r\n        }\r\n\r\n        \/* Apply pulse animation to icons on page load *\/\r\n        .service-section i {\r\n            animation: pulse 2s infinite;\r\n        }\r\n\r\n        \/* Responsive Design *\/\r\n        @media (max-width: 768px) {\r\n            header h1 { font-size: 2rem; }\r\n            header p { font-size: 1rem; }\r\n            .service-section { flex-direction: column; text-align: center; }\r\n            .service-section i { margin-right: 0; margin-bottom: 1rem; }\r\n            .service-content h2 { font-size: 1.5rem; }\r\n            .service-content p { font-size: 1rem; }\r\n            .cta-button { width: 100%; }\r\n        }\r\n    <\/style>\r\n<\/head>\r\n<body>\r\n\r\n\r\n    <!-- Main Content -->\r\n    <div class=\"container\" id=\"services\">\r\n        <div class=\"service-section\">\r\n            <i class=\"fas fa-file-contract\"><\/i>\r\n            <div class=\"service-content\">\r\n                <h2>S\u00f6zle\u015fmeli Hizmetler<\/h2>\r\n                <p>BirCloud m\u00fc\u015fterileri, onar\u0131m hizmetlerini ihtiya\u00e7lar\u0131na g\u00f6re esnek se\u00e7eneklerle veya kapsaml\u0131 bir paket halinde alabilmektedir. Bu hizmet modeli kapsam\u0131nda, m\u00fc\u015fterilerimiz belirli bir zaman dilimi i\u00e7in sabit ayl\u0131k \u00fccretler kar\u015f\u0131l\u0131\u011f\u0131nda kritik bili\u015fim teknolojileri sistemlerinin kesintisiz \u00e7al\u0131\u015fmas\u0131n\u0131 sa\u011flamak amac\u0131yla \u00e7e\u015fitli servis seviyelerinde destek alabilirler. Bu destek; telefonla teknik yard\u0131m, uzaktan eri\u015fim ile m\u00fcdahale, yerinde servis, koruyucu bak\u0131m, talebe ba\u011fl\u0131 olarak yedek par\u00e7a dahil veya hari\u00e7 onar\u0131m hizmetleri gibi geni\u015f bir yelpazeyi i\u00e7ermektedir.<\/p>\r\n                <p>S\u00f6zle\u015fmeli hizmetler alan m\u00fc\u015fterilerimize \u00f6zel olarak teknik bir proje y\u00f6neticisi atan\u0131r ve altyap\u0131lar\u0131 hakk\u0131nda detayl\u0131 bilgiye sahip olunarak h\u0131zl\u0131 ve etkin bir servis sunulmas\u0131 sa\u011flan\u0131r. Bu sayede, m\u00fc\u015fterilerimizin i\u015f s\u00fcre\u00e7leri aksamadan devam eder ve teknoloji altyap\u0131lar\u0131 en y\u00fcksek performansta tutulur.<\/p>\r\n            <\/div>\r\n        <\/div>\r\n\r\n        <div class=\"service-section\">\r\n            <i class=\"fas fa-headset\"><\/i>\r\n            <div class=\"service-content\">\r\n                <h2>\u00c7a\u011fr\u0131 Bazl\u0131 Hizmetler<\/h2>\r\n                <p>Anl\u0131k ihtiya\u00e7lar\u0131n\u0131z i\u00e7in esnek ve h\u0131zl\u0131 \u00e7\u00f6z\u00fcmler sunuyoruz. M\u00fc\u015fterilerimiz, mevcut veya yeni temin ettikleri donan\u0131m ve yaz\u0131l\u0131mlar\u0131n kurulumu, yap\u0131land\u0131r\u0131lmas\u0131, yer de\u011fi\u015fiklikleri, veri merkezi i\u00e7i ve d\u0131\u015f\u0131 ta\u015f\u0131ma i\u015flemleri, donan\u0131m ve yaz\u0131l\u0131m eklentileri, sistem de\u011fi\u015fiklikleri gibi ihtiya\u00e7 duyduklar\u0131 hizmetleri \u00fcretici standartlar\u0131na uygun \u015fekilde \u00e7a\u011fr\u0131 bazl\u0131 olarak alabilirler. Bu hizmetler, mevcut s\u00f6zle\u015fmelere entegre edilebilece\u011fi gibi \u00e7a\u011fr\u0131 paketleri halinde de sunulabilir.<\/p>\r\n                <p>Bu model, m\u00fc\u015fterilerimize ani ihtiya\u00e7larda h\u0131zl\u0131 m\u00fcdahale imkan\u0131 sunarken, ayn\u0131 zamanda esnek bir maliyet y\u00f6netimi sa\u011flar. BirCloud\u2019un uzman ekipleri, her \u00e7a\u011fr\u0131da en y\u00fcksek kalitede hizmet sunmay\u0131 taahh\u00fct eder.<\/p>\r\n            <\/div>\r\n        <\/div>\r\n\r\n        <div class=\"service-section\">\r\n            <i class=\"fas fa-tools\"><\/i>\r\n            <div class=\"service-content\">\r\n                <h2>Par\u00e7a Dahil Onar\u0131m Hizmetleri<\/h2>\r\n                <p>T\u00fcm yedek par\u00e7a temini BirCloud taraf\u0131ndan ger\u00e7ekle\u015ftirilir. Bu hizmet modelinde, m\u00fc\u015fterilerimizin s\u00f6zle\u015fme kapsam\u0131na al\u0131nan donan\u0131mlar\u0131ndaki ar\u0131zalar i\u00e7in gerekli t\u00fcm yedek par\u00e7alar BirCloud taraf\u0131ndan temin edilir ve de\u011fi\u015ftirilen par\u00e7alar i\u00e7in ek \u00fccret talep edilmez. Bu sayede m\u00fc\u015fterilerimiz, donan\u0131m bak\u0131m maliyetlerini \u00f6nceden net bir \u015fekilde \u00f6ng\u00f6rebilir, beklenmedik maliyetlerle kar\u015f\u0131la\u015fmaz ve h\u0131zl\u0131 \u00e7\u00f6z\u00fcmlerden yararlanarak operasyonlar\u0131n\u0131 kesintisiz s\u00fcrd\u00fcrebilirler.<\/p>\r\n                <p>BirCloud, stoklar\u0131nda kritik yedek par\u00e7alar\u0131 belirlenen e\u015fik seviyelerinin \u00fczerinde tutarak, ihtiya\u00e7 duyulan bile\u015fenleri h\u0131zl\u0131 bir \u015fekilde temin eder. Bu proaktif yakla\u015f\u0131m, m\u00fc\u015fterilerimizin sistemlerinin downtime s\u00fcresini minimuma indirir.<\/p>\r\n            <\/div>\r\n        <\/div>\r\n\r\n        <div class=\"service-section\">\r\n            <i class=\"fas fa-wrench\"><\/i>\r\n            <div class=\"service-content\">\r\n                <h2>Par\u00e7a Hari\u00e7 Onar\u0131m Hizmetleri<\/h2>\r\n                <p>Daha ekonomik hizmet se\u00e7ene\u011fi. Par\u00e7a hari\u00e7 onar\u0131m hizmetinde, ar\u0131za tespit edildikten sonra ihtiya\u00e7 duyulan yedek par\u00e7a maliyeti m\u00fc\u015fteriye bildirilir ve onay al\u0131nd\u0131ktan sonra onar\u0131m ger\u00e7ekle\u015ftirilir. Bu model, m\u00fc\u015fterinin yedek par\u00e7a maliyet riskini \u00fcstlenmesi nedeniyle daha uygun maliyetlidir.<\/p>\r\n                <p>Ancak \u00e7\u00f6z\u00fcm s\u00fcresi, gerekli par\u00e7an\u0131n BirCloud stoklar\u0131ndaki mevcudiyetine ba\u011fl\u0131 olarak de\u011fi\u015febilir. M\u00fc\u015fterilerimiz, bu hizmetle b\u00fct\u00e7elerini daha iyi kontrol edebilir ve yaln\u0131zca ihtiya\u00e7 duyduklar\u0131 hizmet i\u00e7in \u00f6deme yapabilirler.<\/p>\r\n            <\/div>\r\n        <\/div>\r\n\r\n        <div class=\"service-section\">\r\n            <i class=\"fas fa-location-dot\"><\/i>\r\n            <div class=\"service-content\">\r\n                <h2>M\u00fc\u015fteri Yerinde Hizmet Sunumu<\/h2>\r\n                <p>Hizmet, BirCloud teknik uzmanlar\u0131 taraf\u0131ndan do\u011frudan m\u00fc\u015fteri lokasyonunda sunulmaktad\u0131r. M\u00fc\u015fterilerimizin ihtiya\u00e7 duydu\u011fu hizmetler, uzman ekiplerimiz taraf\u0131ndan kendi lokasyonlar\u0131nda sunularak kesintisiz operasyon deste\u011fi sa\u011flan\u0131r. BirCloud, T\u00fcrkiye genelinde ve K.K.T.C.'de, ayr\u0131ca proje bazl\u0131 olarak yurt d\u0131\u015f\u0131nda da yerinde hizmet sunmaktad\u0131r.<\/p>\r\n                <p>Bu model, m\u00fc\u015fterilerimizin yerinde m\u00fcdahale gerektiren durumlar i\u00e7in h\u0131zl\u0131 ve g\u00fcvenilir bir \u00e7\u00f6z\u00fcm sunar. Teknik ekiplerimiz, en son teknoloji ve y\u00f6ntemlerle donat\u0131lm\u0131\u015ft\u0131r, b\u00f6ylece her t\u00fcrl\u00fc sorunu yerinde \u00e7\u00f6zebilirler.<\/p>\r\n            <\/div>\r\n        <\/div>\r\n\r\n        <div class=\"service-section\">\r\n            <i class=\"fas fa-building\"><\/i>\r\n            <div class=\"service-content\">\r\n                <h2>BirCloud At\u00f6lyesinde Hizmet Sunumu<\/h2>\r\n                <p>Profesyonel teknik servis ekibimizle g\u00fcvenilir onar\u0131m \u00e7\u00f6z\u00fcmleri. Bu modelde m\u00fc\u015fteriler, hizmet ihtiyac\u0131 duyduklar\u0131 donan\u0131mlar\u0131 BirCloud at\u00f6lyesine getirir. Profesyonel teknik ekibimiz taraf\u0131ndan gerekli i\u015flemler tamamland\u0131ktan sonra, onar\u0131lan donan\u0131m m\u00fc\u015fteriye geri teslim edilir.<\/p>\r\n                <p>At\u00f6lye hizmetimiz, ileri d\u00fczey ekipmanlar ve uzman personel ile donat\u0131lm\u0131\u015ft\u0131r, b\u00f6ylece en karma\u015f\u0131k onar\u0131mlar bile h\u0131zl\u0131 ve etkili bir \u015fekilde ger\u00e7ekle\u015ftirilir. M\u00fc\u015fterilerimiz, donan\u0131mlar\u0131n\u0131n emin ellerde oldu\u011funu bilmenin huzurunu ya\u015far.<\/p>\r\n            <\/div>\r\n        <\/div>\r\n\r\n        <div class=\"service-section\">\r\n            <i class=\"fas fa-globe\"><\/i>\r\n            <div class=\"service-content\">\r\n                <h2>Uzaktan Eri\u015fim ile Hizmet Sunumu<\/h2>\r\n                <p>Zamandan ve maliyetten tasarruf sa\u011flayan pratik \u00e7\u00f6z\u00fcmler. BirCloud teknik uzmanlar\u0131, sistemlere uzaktan ba\u011flant\u0131 sa\u011flayarak gerekli hizmeti en h\u0131zl\u0131 \u015fekilde sunar. Uzaktan eri\u015fim sayesinde, m\u00fc\u015fterilerimiz yerinde servis gerektiren durumlara k\u0131yasla daha h\u0131zl\u0131 destek alabilir ve servis maliyetlerini minimize edebilirler.<\/p>\r\n                <p>Bu hizmet, \u00f6zellikle acil durumlarda h\u0131zl\u0131 m\u00fcdahale gerektiren sistemler i\u00e7in idealdir. G\u00fcvenli ba\u011flant\u0131 protokollerimiz, m\u00fc\u015fterilerimizin verilerinin her zaman korunmas\u0131n\u0131 sa\u011flar.<\/p>\r\n            <\/div>\r\n        <\/div>\r\n\r\n        <div class=\"service-section\">\r\n            <i class=\"fas fa-phone\"><\/i>\r\n            <div class=\"service-content\">\r\n                <h2>Telefon Deste\u011fi ile Hizmet Sunumu<\/h2>\r\n                <p>S\u0131n\u0131rs\u0131z teknik dan\u0131\u015fmanl\u0131k imkan\u0131. BirCloud s\u00f6zle\u015fmeli m\u00fc\u015fterileri, hizmet kapsam\u0131 saatleri i\u00e7inde teknik uzmanlar\u0131m\u0131zdan s\u0131n\u0131rs\u0131z telefon deste\u011fi alabilirler. M\u00fc\u015fterilerimiz, 7\/24 hizmet veren BirCloud Destek Merkezi\u2019ne <a href=\"tel:+908503778487\">+90 850 377 84 87<\/a> numaral\u0131 telefondan ula\u015fabilecekleri gibi, kendilerine atanm\u0131\u015f olan teknik m\u00fc\u015fteri y\u00f6neticileriyle do\u011frudan ileti\u015fime ge\u00e7ebilirler.<\/p>\r\n                <p>Telefon deste\u011fi, m\u00fc\u015fterilerimizin teknik sorunlar\u0131n\u0131 h\u0131zl\u0131ca \u00e7\u00f6zmelerine yard\u0131mc\u0131 olur ve operasyonel s\u00fcreklili\u011fi destekler. Uzman ekibimiz, her zaman bir telefon kadar yak\u0131nd\u0131r.<\/p>\r\n            <\/div>\r\n        <\/div>\r\n\r\n\r\n    <\/div>\r\n\r\n    <!-- Footer -->\r\n    <footer id=\"contact\">\r\n        <p>BirCloud ile teknoloji altyap\u0131n\u0131z\u0131 g\u00fcvenle y\u00f6netin, i\u015f s\u00fcre\u00e7lerinizi kesintisiz s\u00fcrd\u00fcr\u00fcn! <i class=\"fas fa-shield-alt\"><\/i><\/p>\r\n    <\/footer>\r\n<\/body>\r\n<\/html>\t\t\t\t<\/div>\n\t\t\t\t<\/div>\n\t\t\t\t\t<\/div>\n\t\t\t\t<\/div>\n\t\t\t\t<\/div>\n\t\t","protected":false},"excerpt":{"rendered":"<p>BirCloud &#8211; Hizmet Sunum Modelleri S\u00f6zle\u015fmeli Hizmetler BirCloud m\u00fc\u015fterileri, onar\u0131m hizmetlerini ihtiya\u00e7lar\u0131na g\u00f6re esnek se\u00e7eneklerle veya kapsaml\u0131 bir paket halinde alabilmektedir. Bu hizmet modeli kapsam\u0131nda, m\u00fc\u015fterilerimiz belirli bir zaman dilimi i\u00e7in sabit ayl\u0131k \u00fccretler kar\u015f\u0131l\u0131\u011f\u0131nda kritik bili\u015fim teknolojileri sistemlerinin kesintisiz \u00e7al\u0131\u015fmas\u0131n\u0131 sa\u011flamak amac\u0131yla \u00e7e\u015fitli servis seviyelerinde destek alabilirler. Bu destek; telefonla teknik yard\u0131m, uzaktan eri\u015fim [&hellip;]<\/p>\n","protected":false},"author":1,"featured_media":0,"parent":0,"menu_order":0,"comment_status":"closed","ping_status":"closed","template":"elementor_header_footer","meta":{"footnotes":""},"class_list":["post-2058","page","type-page","status-publish","hentry"],"_links":{"self":[{"href":"https:\/\/www.bircloud.com\/tech\/index.php?rest_route=\/wp\/v2\/pages\/2058","targetHints":{"allow":["GET"]}}],"collection":[{"href":"https:\/\/www.bircloud.com\/tech\/index.php?rest_route=\/wp\/v2\/pages"}],"about":[{"href":"https:\/\/www.bircloud.com\/tech\/index.php?rest_route=\/wp\/v2\/types\/page"}],"author":[{"embeddable":true,"href":"https:\/\/www.bircloud.com\/tech\/index.php?rest_route=\/wp\/v2\/users\/1"}],"replies":[{"embeddable":true,"href":"https:\/\/www.bircloud.com\/tech\/index.php?rest_route=%2Fwp%2Fv2%2Fcomments&post=2058"}],"version-history":[{"count":13,"href":"https:\/\/www.bircloud.com\/tech\/index.php?rest_route=\/wp\/v2\/pages\/2058\/revisions"}],"predecessor-version":[{"id":2103,"href":"https:\/\/www.bircloud.com\/tech\/index.php?rest_route=\/wp\/v2\/pages\/2058\/revisions\/2103"}],"wp:attachment":[{"href":"https:\/\/www.bircloud.com\/tech\/index.php?rest_route=%2Fwp%2Fv2%2Fmedia&parent=2058"}],"curies":[{"name":"wp","href":"https:\/\/api.w.org\/{rel}","templated":true}]}}