{"id":2203,"date":"2025-08-20T15:19:06","date_gmt":"2025-08-20T12:19:06","guid":{"rendered":"https:\/\/www.bircloud.com\/tech\/?page_id=2203"},"modified":"2025-08-20T15:20:04","modified_gmt":"2025-08-20T12:20:04","slug":"bilgi-guvenligi-politikasi","status":"publish","type":"page","link":"https:\/\/www.bircloud.com\/tech\/?page_id=2203","title":{"rendered":"Bilgi G\u00fcvenli\u011fi Politikas\u0131"},"content":{"rendered":"\t\t<div data-elementor-type=\"wp-page\" data-elementor-id=\"2203\" class=\"elementor elementor-2203\">\n\t\t\t\t<div class=\"elementor-element elementor-element-63b6ee7 e-flex e-con-boxed xts-section-disabled e-con e-parent\" data-id=\"63b6ee7\" data-element_type=\"container\">\n\t\t\t\t\t<div class=\"e-con-inner\">\n\t\t\t\t<div class=\"elementor-element elementor-element-52c7d24 elementor-widget elementor-widget-html\" data-id=\"52c7d24\" data-element_type=\"widget\" data-widget_type=\"html.default\">\n\t\t\t\t<div class=\"elementor-widget-container\">\n\t\t\t\t\t<!DOCTYPE html>\r\n<html lang=\"tr\">\r\n<head>\r\n    <meta charset=\"UTF-8\">\r\n    <meta name=\"viewport\" content=\"width=device-width, initial-scale=1.0\">\r\n    <title>Bilgi G\u00fcvenli\u011fi Politikas\u0131 - Bir Cloud<\/title>\r\n    <!-- Tailwind CSS CDN'i -->\r\n    <script src=\"https:\/\/cdn.tailwindcss.com\"><\/script>\r\n    <!-- Inter font ailesi -->\r\n    <link rel=\"preconnect\" href=\"https:\/\/fonts.googleapis.com\">\r\n    <link rel=\"preconnect\" href=\"https:\/\/fonts.gstatic.com\" crossorigin>\r\n    <link href=\"https:\/\/fonts.googleapis.com\/css2?family=Inter:wght@400;500;600;700&display=swap\" rel=\"stylesheet\">\r\n    <!-- Font Awesome ikonlar\u0131 i\u00e7in -->\r\n    <link rel=\"stylesheet\" href=\"https:\/\/cdnjs.cloudflare.com\/ajax\/libs\/font-awesome\/6.5.1\/css\/all.min.css\" xintegrity=\"sha512-DTOQO9RWCH3ppGqcWaEA1BIZOC6xxalwEsw9c2QQeAIftl+Vegovlnee1c9QX4TctnWMn13TZye+giMm8e2LwA==\" crossorigin=\"anonymous\" referrerpolicy=\"no-referrer\" \/>\r\n    <style>\r\n        \/* Temel stil ayarlar\u0131 *\/\r\n        body {\r\n            font-family: 'Inter', sans-serif;\r\n            background-color: #f1f5f9; \/* Daha so\u011fuk bir gri arka plan (slate-100) *\/\r\n        }\r\n    <\/style>\r\n<\/head>\r\n<body class=\"bg-slate-100 flex items-center justify-center min-h-screen p-4 sm:p-6 lg:p-8\">\r\n\r\n    <!-- Ana i\u00e7erik konteyneri -->\r\n    <div class=\"w-full max-w-4xl bg-white rounded-xl shadow-lg p-8 sm:p-10 md:p-12 mx-auto\">\r\n        \r\n        <!-- Ba\u015fl\u0131k B\u00f6l\u00fcm\u00fc -->\r\n        <header class=\"text-center mb-10\">\r\n            <img decoding=\"async\" src=\"https:\/\/www.bircloud.com\/tech\/wp-content\/uploads\/2025\/02\/Adsiz-tasarim-16-500x113-1.png\" \r\n                 alt=\"Bir Cloud Logosu\" \r\n                 class=\"mx-auto h-14 w-auto mb-6\"\r\n                 onerror=\"this.onerror=null; this.src='https:\/\/placehold.co\/500x113\/cccccc\/ffffff?text=Bir+Cloud';\">\r\n            <h1 class=\"text-3xl sm:text-4xl font-bold text-slate-800 tracking-tight\">\r\n                B\u0130LG\u0130 G\u00dcVENL\u0130\u011e\u0130 POL\u0130T\u0130KAMIZ\r\n            <\/h1>\r\n        <\/header>\r\n\r\n        <!-- Giri\u015f Paragraf\u0131 -->\r\n        <section class=\"mb-10\">\r\n            <p class=\"text-base sm:text-lg text-slate-700 leading-relaxed text-left border-l-4 border-slate-500 pl-6 py-4 bg-slate-50 rounded-r-md\">\r\n                Bulut Bili\u015fim \u00c7\u00f6z\u00fcmleri, Her T\u00fcrl\u00fc Bilgisayar Donan\u0131m\u0131, Sistem Altyap\u0131 \u00dcr\u00fcnleri ve Yaz\u0131l\u0131m \u00dcr\u00fcnlerinin Sat\u0131\u015f\u0131, \u0130htiyaca \u00d6zel Yaz\u0131l\u0131m Geli\u015ftirme, Destek Ve Yaz\u0131l\u0131m Dan\u0131\u015fmanl\u0131k Hizmetleri \u0130le Network Ve Siber G\u00fcvenlik S\u00fcre\u00e7lerinin Y\u00f6netimi kapsam\u0131 dahilindeki faaliyetlerimizin ISO 27001:2022 standard\u0131na uygun y\u00fcr\u00fct\u00fclmesini garanti alt\u0131na al\u0131r.\r\n            <\/p>\r\n        <\/section>\r\n\r\n        <!-- Politika Maddeleri -->\r\n        <main>\r\n            <h2 class=\"text-2xl font-semibold text-slate-800 mb-6\">Bilgi G\u00fcvenli\u011fi Y\u00f6netim Sistemi Politikam\u0131z;<\/h2>\r\n            <ul class=\"space-y-4 text-slate-600\">\r\n                <!-- Politika maddeleri daha kurumsal ikonlarla listeleniyor -->\r\n                <li class=\"flex items-start\"><i class=\"fas fa-chevron-right text-slate-500 mt-1.5 mr-3 text-xs\"><\/i><span>Bilgi G\u00fcvenli\u011fi Y\u00f6netim Sistemini TS\/ISO 27001:2022'e g\u00f6re y\u00f6netmeyi,<\/span><\/li>\r\n                <li class=\"flex items-start\"><i class=\"fas fa-chevron-right text-slate-500 mt-1.5 mr-3 text-xs\"><\/i><span>Bilgi varl\u0131klar\u0131m\u0131z\u0131 korumak i\u00e7in, mevcut en iyi uygulamalar\u0131 esas alarak varl\u0131klar\u0131n saklanmas\u0131, iletilmesi, de\u011fi\u015ftirilmesi, eri\u015filmesi, i\u015flenmesi faaliyetlerini kontrol alt\u0131na almay\u0131, g\u00f6revler ayr\u0131l\u0131\u011f\u0131 prensibi ile s\u00fcre\u00e7 i\u00e7i kontrollerin kurulmu\u015f olmas\u0131n\u0131 sa\u011flamay\u0131,<\/span><\/li>\r\n                <li class=\"flex items-start\"><i class=\"fas fa-chevron-right text-slate-500 mt-1.5 mr-3 text-xs\"><\/i><span>Bilginin kullan\u0131labilirli\u011fini, b\u00fct\u00fcnl\u00fc\u011f\u00fcn\u00fc ve gizlili\u011fini korumay\u0131,<\/span><\/li>\r\n                <li class=\"flex items-start\"><i class=\"fas fa-chevron-right text-slate-500 mt-1.5 mr-3 text-xs\"><\/i><span>G\u00fcvenli alanlarda saklanan varl\u0131klar i\u00e7in fiziksel g\u00fcvenlik kontrolleri uygulamay\u0131,<\/span><\/li>\r\n                <li class=\"flex items-start\"><i class=\"fas fa-chevron-right text-slate-500 mt-1.5 mr-3 text-xs\"><\/i><span>Bilgi varl\u0131klar\u0131 \u00fczerinde olu\u015fabilecek riskleri de\u011ferlendirmeyi ve y\u00f6netmeyi,<\/span><\/li>\r\n                <li class=\"flex items-start\"><i class=\"fas fa-chevron-right text-slate-500 mt-1.5 mr-3 text-xs\"><\/i><span>\u015eirketimizin g\u00fcvenilirli\u011fini ve itibar\u0131n\u0131 korumay\u0131,<\/span><\/li>\r\n                <li class=\"flex items-start\"><i class=\"fas fa-chevron-right text-slate-500 mt-1.5 mr-3 text-xs\"><\/i><span>Bilgi g\u00fcvenli\u011finin ihlali durumunda gerekli g\u00f6r\u00fclen yapt\u0131r\u0131mlar\u0131 uygulamay\u0131,<\/span><\/li>\r\n                <li class=\"flex items-start\"><i class=\"fas fa-chevron-right text-slate-500 mt-1.5 mr-3 text-xs\"><\/i><span>Bilgi g\u00fcvenli\u011finin ihlaline ili\u015fkin raporlamalar\u0131n yap\u0131labilmesi ve en k\u0131sa s\u00fcrede aksiyonlar\u0131n al\u0131nmas\u0131 amac\u0131yla, gerekli idari yap\u0131, kaynak ve altyap\u0131n\u0131n olu\u015fturulmas\u0131n\u0131n sa\u011flanmas\u0131n\u0131,<\/span><\/li>\r\n                <li class=\"flex items-start\"><i class=\"fas fa-chevron-right text-slate-500 mt-1.5 mr-3 text-xs\"><\/i><span>Tabi oldu\u011fu ulusal, uluslararas\u0131 d\u00fczenlemelerden, yasal ve ilgili mevzuat gereklerini yerine getirmekten, anla\u015fmalardan do\u011fan y\u00fck\u00fcml\u00fcl\u00fcklerini kar\u015f\u0131lamaktan, i\u00e7 ve d\u0131\u015f payda\u015flara y\u00f6nelik kurumsal sorumluluklar\u0131ndan kaynaklanan bilgi g\u00fcvenli\u011fi gereksinimlerini sa\u011flamay\u0131,<\/span><\/li>\r\n                <li class=\"flex items-start\"><i class=\"fas fa-chevron-right text-slate-500 mt-1.5 mr-3 text-xs\"><\/i><span>\u0130\u015f \/ Hizmet s\u00fcreklili\u011fine bilgi g\u00fcvenli\u011fi tehditlerinin etkisini azaltmay\u0131, i\u015fin s\u00fcreklili\u011fini ve s\u00fcrd\u00fcr\u00fclebilirli\u011fini sa\u011flamay\u0131,<\/span><\/li>\r\n                <li class=\"flex items-start\"><i class=\"fas fa-chevron-right text-slate-500 mt-1.5 mr-3 text-xs\"><\/i><span>Bilgi G\u00fcvenli\u011fi Y\u00f6netim Sistemine uyum ve s\u00fcrekli iyile\u015ftirmeyi g\u00f6zetmek i\u00e7in, denetimlerde bulunmay\u0131 ve bunlar\u0131n sonu\u00e7lar\u0131n\u0131 y\u00f6netimin g\u00f6zden ge\u00e7irme toplant\u0131lar\u0131nda dikkate almay\u0131,<\/span><\/li>\r\n                <li class=\"flex items-start\"><i class=\"fas fa-chevron-right text-slate-500 mt-1.5 mr-3 text-xs\"><\/i><span>Bu politikay\u0131 t\u00fcm \u00e7al\u0131\u015fanlar\u0131m\u0131za duyurmay\u0131 ve politikan\u0131n uygulamaya konmas\u0131nda gereken kayna\u011f\u0131 ve e\u011fitimi sa\u011flamay\u0131,<\/span><\/li>\r\n                <li class=\"flex items-start\"><i class=\"fas fa-chevron-right text-slate-500 mt-1.5 mr-3 text-xs\"><\/i><span>Bilgi G\u00fcvenli\u011fi konusunda t\u00fcm payda\u015flar\u0131m\u0131z\u0131n bilin\u00e7lendirilmesi y\u00f6n\u00fcnde s\u00fcrekli \u00e7al\u0131\u015fma yapmay\u0131,<\/span><\/li>\r\n                <li class=\"flex items-start\"><i class=\"fas fa-chevron-right text-slate-500 mt-1.5 mr-3 text-xs\"><\/i><span>Kurulan kontrol altyap\u0131s\u0131 ile bilgi g\u00fcvenli\u011fi seviyesini korumay\u0131 ve iyile\u015ftirmeyi taahh\u00fct eder.<\/span><\/li>\r\n            <\/ul>\r\n        <\/main>\r\n        \r\n        <!-- \u0130ndirme Butonu -->\r\n        <div class=\"mt-12 text-center\">\r\n            <a href=\"https:\/\/www.bircloud.com\/tech\/wp-content\/uploads\/2025\/08\/PLT.32-Bilgi-Guvenligi-Politikasi.pdf\" \r\n               download=\"PLT.32-Bilgi-Guvenligi-Politikasi.pdf\"\r\n               class=\"inline-block bg-slate-700 text-white font-bold py-3 px-8 rounded-md shadow-md hover:bg-slate-800 transition-colors duration-300\">\r\n                <i class=\"fas fa-download mr-2\"><\/i>\r\n                Dok\u00fcman\u0131 \u0130ndirmek \u0130\u00e7in T\u0131klay\u0131n\u0131z\r\n            <\/a>\r\n        <\/div>\r\n\r\n        <!-- Alt Bilgi B\u00f6l\u00fcm\u00fc -->\r\n        <footer class=\"mt-12 pt-6 border-t border-slate-200 text-center\">\r\n            <p class=\"text-sm text-slate-500\">\r\n                PLT.32 Bilgi G\u00fcvenli\u011fi Politikas\u0131 - Yay\u0131n Tarihi: 02.01.2025 - Rev: 00\r\n            <\/p>\r\n        <\/footer>\r\n\r\n    <\/div>\r\n\r\n<\/body>\r\n<\/html>\r\n\t\t\t\t<\/div>\n\t\t\t\t<\/div>\n\t\t\t\t\t<\/div>\n\t\t\t\t<\/div>\n\t\t\t\t<\/div>\n\t\t","protected":false},"excerpt":{"rendered":"<p>Bilgi G\u00fcvenli\u011fi Politikas\u0131 &#8211; Bir Cloud B\u0130LG\u0130 G\u00dcVENL\u0130\u011e\u0130 POL\u0130T\u0130KAMIZ Bulut Bili\u015fim \u00c7\u00f6z\u00fcmleri, Her T\u00fcrl\u00fc Bilgisayar Donan\u0131m\u0131, Sistem Altyap\u0131 \u00dcr\u00fcnleri ve Yaz\u0131l\u0131m \u00dcr\u00fcnlerinin Sat\u0131\u015f\u0131, \u0130htiyaca \u00d6zel Yaz\u0131l\u0131m Geli\u015ftirme, Destek Ve Yaz\u0131l\u0131m Dan\u0131\u015fmanl\u0131k Hizmetleri \u0130le Network Ve Siber G\u00fcvenlik S\u00fcre\u00e7lerinin Y\u00f6netimi kapsam\u0131 dahilindeki faaliyetlerimizin ISO 27001:2022 standard\u0131na uygun y\u00fcr\u00fct\u00fclmesini garanti alt\u0131na al\u0131r. Bilgi G\u00fcvenli\u011fi Y\u00f6netim Sistemi Politikam\u0131z; [&hellip;]<\/p>\n","protected":false},"author":2,"featured_media":0,"parent":0,"menu_order":0,"comment_status":"closed","ping_status":"closed","template":"elementor_header_footer","meta":{"footnotes":""},"class_list":["post-2203","page","type-page","status-publish","hentry"],"_links":{"self":[{"href":"https:\/\/www.bircloud.com\/tech\/index.php?rest_route=\/wp\/v2\/pages\/2203","targetHints":{"allow":["GET"]}}],"collection":[{"href":"https:\/\/www.bircloud.com\/tech\/index.php?rest_route=\/wp\/v2\/pages"}],"about":[{"href":"https:\/\/www.bircloud.com\/tech\/index.php?rest_route=\/wp\/v2\/types\/page"}],"author":[{"embeddable":true,"href":"https:\/\/www.bircloud.com\/tech\/index.php?rest_route=\/wp\/v2\/users\/2"}],"replies":[{"embeddable":true,"href":"https:\/\/www.bircloud.com\/tech\/index.php?rest_route=%2Fwp%2Fv2%2Fcomments&post=2203"}],"version-history":[{"count":4,"href":"https:\/\/www.bircloud.com\/tech\/index.php?rest_route=\/wp\/v2\/pages\/2203\/revisions"}],"predecessor-version":[{"id":2208,"href":"https:\/\/www.bircloud.com\/tech\/index.php?rest_route=\/wp\/v2\/pages\/2203\/revisions\/2208"}],"wp:attachment":[{"href":"https:\/\/www.bircloud.com\/tech\/index.php?rest_route=%2Fwp%2Fv2%2Fmedia&parent=2203"}],"curies":[{"name":"wp","href":"https:\/\/api.w.org\/{rel}","templated":true}]}}